{"id":837,"date":"2023-01-18T14:16:18","date_gmt":"2023-01-18T19:16:18","guid":{"rendered":"https:\/\/bayaggregates.com\/product\/acoplamientos-elasticos-y-tapas\/"},"modified":"2024-02-21T07:06:43","modified_gmt":"2024-02-21T12:06:43","slug":"acoplamientos-flexibles-y-tapones","status":"publish","type":"product","link":"https:\/\/bayaggregates.com\/es\/producto\/acoplamientos-flexibles-y-tapones\/","title":{"rendered":"Acoplamientos el\u00e1sticos y tapas"},"content":{"rendered":"<p>Acoplamientos el\u00e1sticos, dise\u00f1ados para ofrecer una soluci\u00f3n de alta calidad a sus necesidades de fontaner\u00eda y tuber\u00edas. Estos acoplamientos son componentes esenciales, a menudo utilizados para conectar y asegurar entre s\u00ed diferentes tuber\u00edas o tubos, permitiendo variaciones de tama\u00f1o o material. Fabricados para ofrecer durabilidad y flexibilidad, nuestros acoplamientos tienen la capacidad \u00fanica de absorber y tolerar ligeras desalineaciones, vibraciones y dilataciones de las tuber\u00edas. Esto reduce el riesgo de da\u00f1os en las tuber\u00edas y fugas con el paso del tiempo. F\u00e1ciles de instalar y resistentes, nuestros acoplamientos flexibles son imprescindibles en cualquier sistema de fontaner\u00eda, ya sea para proyectos dom\u00e9sticos de bricolaje o para instalaciones a gran escala.<\/p>\n<p>Disponemos de una gran variedad de acoplamientos flexibles y tapones de tama\u00f1o est\u00e1ndar. Llame al astillero para obtener m\u00e1s informaci\u00f3n.<\/p>\n","protected":false},"excerpt":{"rendered":"<ul>\n<li style=\"font-weight: 400;\" aria-level=\"1\"><span style=\"font-weight: 400;\">Ideal para su uso en sistemas de drenaje de aguas pluviales y subterr\u00e1neas, sistemas de riego  <\/span><\/li>\n<li style=\"font-weight: 400;\" aria-level=\"1\"><span style=\"font-weight: 400;\">Residencial y comercial con autorizaci\u00f3n<\/span><\/li>\n<li style=\"font-weight: 400;\" aria-level=\"1\"><span style=\"font-weight: 400;\">La flexibilidad permite el movimiento de la articulaci\u00f3n<\/span><\/li>\n<li style=\"font-weight: 400;\" aria-level=\"1\"><span style=\"font-weight: 400;\">Garantiza la estanqueidad en pr\u00e1cticamente todos los materiales de tuber\u00edas: pl\u00e1stico, hierro fundido, etc.  <\/span><\/li>\n<\/ul>\n","protected":false},"featured_media":836,"template":"","meta":{"_acf_changed":false,"_kad_blocks_custom_css":"","_kad_blocks_head_custom_js":"","_kad_blocks_body_custom_js":"","_kad_blocks_footer_custom_js":"","_kad_post_transparent":"","_kad_post_title":"","_kad_post_layout":"","_kad_post_sidebar_id":"","_kad_post_content_style":"","_kad_post_vertical_padding":"","_kad_post_feature":"","_kad_post_feature_position":"","_kad_post_header":false,"_kad_post_footer":false,"_kad_post_classname":""},"product_brand":[],"product_cat":[51],"product_tag":[],"class_list":{"0":"post-837","1":"product","2":"type-product","3":"status-publish","4":"has-post-thumbnail","6":"product_cat-tuberias-y-accesorios","8":"first","9":"instock","10":"shipping-taxable","11":"product-type-simple","12":"entry","13":"content-bg","14":"loop-entry"},"acf":[],"taxonomy_info":{"product_cat":[{"value":51,"label":"Tuber\u00edas y accesorios"}]},"featured_image_src_large":["https:\/\/bayaggregates.com\/wp-content\/uploads\/2023\/01\/Flexible-couplings-caps-1.jpg",600,460,false],"author_info":[],"comment_info":"","_links":{"self":[{"href":"https:\/\/bayaggregates.com\/es\/wp-json\/wp\/v2\/product\/837","targetHints":{"allow":["GET"]}}],"collection":[{"href":"https:\/\/bayaggregates.com\/es\/wp-json\/wp\/v2\/product"}],"about":[{"href":"https:\/\/bayaggregates.com\/es\/wp-json\/wp\/v2\/types\/product"}],"wp:featuredmedia":[{"embeddable":true,"href":"https:\/\/bayaggregates.com\/es\/wp-json\/wp\/v2\/media\/836"}],"wp:attachment":[{"href":"https:\/\/bayaggregates.com\/es\/wp-json\/wp\/v2\/media?parent=837"}],"wp:term":[{"taxonomy":"product_brand","embeddable":true,"href":"https:\/\/bayaggregates.com\/es\/wp-json\/wp\/v2\/product_brand?post=837"},{"taxonomy":"product_cat","embeddable":true,"href":"https:\/\/bayaggregates.com\/es\/wp-json\/wp\/v2\/product_cat?post=837"},{"taxonomy":"product_tag","embeddable":true,"href":"https:\/\/bayaggregates.com\/es\/wp-json\/wp\/v2\/product_tag?post=837"}],"curies":[{"name":"wp","href":"https:\/\/api.w.org\/{rel}","templated":true}]}}