{"id":829,"date":"2023-01-18T14:10:24","date_gmt":"2023-01-18T19:10:24","guid":{"rendered":"https:\/\/bayaggregates.com\/product\/herramientas-de-jardineria\/"},"modified":"2024-02-21T07:17:40","modified_gmt":"2024-02-21T12:17:40","slug":"herramientas-de-paisajismo","status":"publish","type":"product","link":"https:\/\/bayaggregates.com\/es\/producto\/herramientas-de-paisajismo\/","title":{"rendered":"Herramientas de jardiner\u00eda"},"content":{"rendered":"<p>Disponemos de una amplia gama de herramientas de paisajismo, dise\u00f1adas para abordar cualquier tarea; llame a nuestro patio para obtener m\u00e1s informaci\u00f3n sobre las mejores herramientas para su proyecto.<\/p>\n<ul>\n<li style=\"font-weight: 400;\" aria-level=\"1\"><span style=\"font-weight: 400;\">Rastrillos ( hoja y nivelaci\u00f3n )<\/span><\/li>\n<li style=\"font-weight: 400;\" aria-level=\"1\"><span style=\"font-weight: 400;\">Palas ( cuadradas\/ puntiagudas )<\/span><\/li>\n<li style=\"font-weight: 400;\" aria-level=\"1\"><span style=\"font-weight: 400;\">Horquilla de jard\u00edn ( mantillo )<\/span><\/li>\n<li style=\"font-weight: 400;\" aria-level=\"1\"><span style=\"font-weight: 400;\">Escobas \/ mangos<\/span><\/li>\n<li style=\"font-weight: 400;\" aria-level=\"1\"><span style=\"font-weight: 400;\">Excavadora de postes<\/span><\/li>\n<li style=\"font-weight: 400;\" aria-level=\"1\"><span style=\"font-weight: 400;\">Valla de construcci\u00f3n<\/span><\/li>\n<li style=\"font-weight: 400;\" aria-level=\"1\"><span style=\"font-weight: 400;\">Bordes paisaj\u00edsticos<\/span><\/li>\n<\/ul>\n","protected":false},"excerpt":{"rendered":"<p>Disponemos de una amplia gama de herramientas de paisajismo, dise\u00f1adas para abordar cualquier tarea; llame a nuestro patio para obtener m\u00e1s informaci\u00f3n sobre las mejores herramientas para su proyecto. Rastrillos ( hoja y nivelaci\u00f3n ) Palas ( cuadradas\/ puntiagudas ) Horquilla de jard\u00edn ( mantillo ) Escobas \/ mangos Excavadora de postes Valla de construcci\u00f3n&#8230;<\/p>\n","protected":false},"featured_media":828,"template":"","meta":{"_acf_changed":false,"_kad_blocks_custom_css":"","_kad_blocks_head_custom_js":"","_kad_blocks_body_custom_js":"","_kad_blocks_footer_custom_js":"","_kad_post_transparent":"","_kad_post_title":"","_kad_post_layout":"","_kad_post_sidebar_id":"","_kad_post_content_style":"","_kad_post_vertical_padding":"","_kad_post_feature":"","_kad_post_feature_position":"","_kad_post_header":false,"_kad_post_footer":false,"_kad_post_classname":""},"product_brand":[],"product_cat":[54],"product_tag":[],"class_list":{"0":"post-829","1":"product","2":"type-product","3":"status-publish","4":"has-post-thumbnail","6":"product_cat-herramientas","8":"first","9":"instock","10":"shipping-taxable","11":"product-type-simple","12":"entry","13":"content-bg","14":"loop-entry"},"acf":[],"taxonomy_info":{"product_cat":[{"value":54,"label":"Herramientas"}]},"featured_image_src_large":["https:\/\/bayaggregates.com\/wp-content\/uploads\/2023\/01\/post-hole-digger.jpg",600,460,false],"author_info":[],"comment_info":"","_links":{"self":[{"href":"https:\/\/bayaggregates.com\/es\/wp-json\/wp\/v2\/product\/829","targetHints":{"allow":["GET"]}}],"collection":[{"href":"https:\/\/bayaggregates.com\/es\/wp-json\/wp\/v2\/product"}],"about":[{"href":"https:\/\/bayaggregates.com\/es\/wp-json\/wp\/v2\/types\/product"}],"wp:featuredmedia":[{"embeddable":true,"href":"https:\/\/bayaggregates.com\/es\/wp-json\/wp\/v2\/media\/828"}],"wp:attachment":[{"href":"https:\/\/bayaggregates.com\/es\/wp-json\/wp\/v2\/media?parent=829"}],"wp:term":[{"taxonomy":"product_brand","embeddable":true,"href":"https:\/\/bayaggregates.com\/es\/wp-json\/wp\/v2\/product_brand?post=829"},{"taxonomy":"product_cat","embeddable":true,"href":"https:\/\/bayaggregates.com\/es\/wp-json\/wp\/v2\/product_cat?post=829"},{"taxonomy":"product_tag","embeddable":true,"href":"https:\/\/bayaggregates.com\/es\/wp-json\/wp\/v2\/product_tag?post=829"}],"curies":[{"name":"wp","href":"https:\/\/api.w.org\/{rel}","templated":true}]}}