{"id":798,"date":"2023-01-18T13:16:25","date_gmt":"2023-01-18T18:16:25","guid":{"rendered":"https:\/\/bayaggregates.com\/product\/parche-de-asfalto\/"},"modified":"2024-02-21T06:08:39","modified_gmt":"2024-02-21T11:08:39","slug":"asfalto-parche","status":"publish","type":"product","link":"https:\/\/bayaggregates.com\/es\/producto\/asfalto-parche\/","title":{"rendered":"Parche de asfalto"},"content":{"rendered":"<p>Asphalt Patch &#8211; su soluci\u00f3n para reparaciones de asfalto r\u00e1pidas y eficaces. Adecuado tanto para peque\u00f1os proyectos dom\u00e9sticos como para grandes proyectos industriales, nuestro parche de asfalto se integra perfectamente en las superficies existentes para conseguir un acabado robusto y duradero. Extraordinariamente f\u00e1cil de usar, se seca r\u00e1pidamente, funciona con cualquier tiempo y se adhiere tanto en seco como en mojado.<\/p>\n","protected":false},"excerpt":{"rendered":"<ul>\n<li style=\"font-weight: 400;\" aria-level=\"1\"><span style=\"font-weight: 400;\">Reparaci\u00f3n de baches con mejora instant\u00e1nea  <\/span><\/li>\n<li style=\"font-weight: 400;\" aria-level=\"1\"><span style=\"font-weight: 400;\">Protecci\u00f3n contra nuevos da\u00f1os y erosi\u00f3n<\/span><\/li>\n<li style=\"font-weight: 400;\" aria-level=\"1\"><span style=\"font-weight: 400;\">Para uso en aparcamientos, calzadas, aceras<\/span><\/li>\n<li style=\"font-weight: 400;\" aria-level=\"1\"><span style=\"font-weight: 400;\">Reparaci\u00f3n del asfalto<\/span><\/li>\n<\/ul>\n","protected":false},"featured_media":797,"template":"","meta":{"_acf_changed":false,"_kad_blocks_custom_css":"","_kad_blocks_head_custom_js":"","_kad_blocks_body_custom_js":"","_kad_blocks_footer_custom_js":"","_kad_post_transparent":"","_kad_post_title":"","_kad_post_layout":"","_kad_post_sidebar_id":"","_kad_post_content_style":"","_kad_post_vertical_padding":"","_kad_post_feature":"","_kad_post_feature_position":"","_kad_post_header":false,"_kad_post_footer":false,"_kad_post_classname":""},"product_brand":[],"product_cat":[52],"product_tag":[],"class_list":{"0":"post-798","1":"product","2":"type-product","3":"status-publish","4":"has-post-thumbnail","6":"product_cat-pavimentacion","8":"first","9":"instock","10":"shipping-taxable","11":"product-type-simple","12":"entry","13":"content-bg","14":"loop-entry"},"acf":[],"taxonomy_info":{"product_cat":[{"value":52,"label":"Pavimentaci\u00f3n"}]},"featured_image_src_large":["https:\/\/bayaggregates.com\/wp-content\/uploads\/2023\/01\/blacktop-pitch-asphalt.jpg",600,460,false],"author_info":[],"comment_info":"","_links":{"self":[{"href":"https:\/\/bayaggregates.com\/es\/wp-json\/wp\/v2\/product\/798","targetHints":{"allow":["GET"]}}],"collection":[{"href":"https:\/\/bayaggregates.com\/es\/wp-json\/wp\/v2\/product"}],"about":[{"href":"https:\/\/bayaggregates.com\/es\/wp-json\/wp\/v2\/types\/product"}],"wp:featuredmedia":[{"embeddable":true,"href":"https:\/\/bayaggregates.com\/es\/wp-json\/wp\/v2\/media\/797"}],"wp:attachment":[{"href":"https:\/\/bayaggregates.com\/es\/wp-json\/wp\/v2\/media?parent=798"}],"wp:term":[{"taxonomy":"product_brand","embeddable":true,"href":"https:\/\/bayaggregates.com\/es\/wp-json\/wp\/v2\/product_brand?post=798"},{"taxonomy":"product_cat","embeddable":true,"href":"https:\/\/bayaggregates.com\/es\/wp-json\/wp\/v2\/product_cat?post=798"},{"taxonomy":"product_tag","embeddable":true,"href":"https:\/\/bayaggregates.com\/es\/wp-json\/wp\/v2\/product_tag?post=798"}],"curies":[{"name":"wp","href":"https:\/\/api.w.org\/{rel}","templated":true}]}}