{"id":785,"date":"2023-01-17T09:30:36","date_gmt":"2023-01-17T14:30:36","guid":{"rendered":"https:\/\/bayaggregates.com\/product\/compost-organico\/"},"modified":"2024-03-12T12:16:48","modified_gmt":"2024-03-12T16:16:48","slug":"abono-organico","status":"publish","type":"product","link":"https:\/\/bayaggregates.com\/es\/producto\/abono-organico\/","title":{"rendered":"Compost org\u00e1nico"},"content":{"rendered":"<p>Nuestro compost org\u00e1nico mejora la vitalidad de su suelo, enriqueci\u00e9ndolo con nutrientes esenciales. Contribuye a un crecimiento m\u00e1s sano de las plantas y mejora la fertilidad de su jard\u00edn.<\/p>\n","protected":false},"excerpt":{"rendered":"<ul>\n<li style=\"font-weight: 400;\" aria-level=\"1\"><span style=\"font-weight: 400;\">A\u00f1adido a jardines de flores y hortalizas, parterres de \u00e1rboles, c\u00e9sped,  <\/span><\/li>\n<li style=\"font-weight: 400;\" aria-level=\"1\"><span style=\"font-weight: 400;\">El compost puede utilizarse como enmienda del suelo o como mantillo.  <\/span><\/li>\n<li style=\"font-weight: 400;\" aria-level=\"1\"><span style=\"font-weight: 400;\">Nuevas plantaciones paisaj\u00edsticas, permite que el suelo retenga nutrientes<\/span><\/li>\n<li style=\"font-weight: 400;\" aria-level=\"1\"><span style=\"font-weight: 400;\">Equilibra la densidad del suelo, desarrolla ra\u00edces m\u00e1s sanas que contribuyen a un crecimiento m\u00e1s sano<\/span><\/li>\n<li>Enriquece el suelo con nutrientes vitales.<\/li>\n<li>Favorece un crecimiento m\u00e1s sano de las plantas.<\/li>\n<li>Mejora la fertilidad general del suelo.<\/li>\n<li>Opci\u00f3n de compost ecol\u00f3gico y sostenible.<\/li>\n<\/ul>\n","protected":false},"featured_media":735,"template":"","meta":{"_acf_changed":false,"_kad_blocks_custom_css":"","_kad_blocks_head_custom_js":"","_kad_blocks_body_custom_js":"","_kad_blocks_footer_custom_js":"","_kad_post_transparent":"","_kad_post_title":"","_kad_post_layout":"","_kad_post_sidebar_id":"","_kad_post_content_style":"","_kad_post_vertical_padding":"","_kad_post_feature":"","_kad_post_feature_position":"","_kad_post_header":false,"_kad_post_footer":false,"_kad_post_classname":""},"product_brand":[],"product_cat":[45],"product_tag":[],"class_list":{"0":"post-785","1":"product","2":"type-product","3":"status-publish","4":"has-post-thumbnail","6":"product_cat-mantillo","8":"first","9":"instock","10":"shipping-taxable","11":"product-type-simple","12":"entry","13":"content-bg","14":"loop-entry"},"acf":[],"taxonomy_info":{"product_cat":[{"value":45,"label":"Mantillo"}]},"featured_image_src_large":["https:\/\/bayaggregates.com\/wp-content\/uploads\/2023\/01\/organic-leaf-compost-2b.jpg",600,460,false],"author_info":[],"comment_info":"","_links":{"self":[{"href":"https:\/\/bayaggregates.com\/es\/wp-json\/wp\/v2\/product\/785","targetHints":{"allow":["GET"]}}],"collection":[{"href":"https:\/\/bayaggregates.com\/es\/wp-json\/wp\/v2\/product"}],"about":[{"href":"https:\/\/bayaggregates.com\/es\/wp-json\/wp\/v2\/types\/product"}],"wp:featuredmedia":[{"embeddable":true,"href":"https:\/\/bayaggregates.com\/es\/wp-json\/wp\/v2\/media\/735"}],"wp:attachment":[{"href":"https:\/\/bayaggregates.com\/es\/wp-json\/wp\/v2\/media?parent=785"}],"wp:term":[{"taxonomy":"product_brand","embeddable":true,"href":"https:\/\/bayaggregates.com\/es\/wp-json\/wp\/v2\/product_brand?post=785"},{"taxonomy":"product_cat","embeddable":true,"href":"https:\/\/bayaggregates.com\/es\/wp-json\/wp\/v2\/product_cat?post=785"},{"taxonomy":"product_tag","embeddable":true,"href":"https:\/\/bayaggregates.com\/es\/wp-json\/wp\/v2\/product_tag?post=785"}],"curies":[{"name":"wp","href":"https:\/\/api.w.org\/{rel}","templated":true}]}}