{"id":780,"date":"2023-01-17T09:13:48","date_gmt":"2023-01-17T14:13:48","guid":{"rendered":"https:\/\/bayaggregates.com\/product\/juntas-de-dilatacion-de-hormigon\/"},"modified":"2024-02-21T06:41:41","modified_gmt":"2024-02-21T11:41:41","slug":"juntas-de-dilatacion-de-hormigon","status":"publish","type":"product","link":"https:\/\/bayaggregates.com\/es\/producto\/juntas-de-dilatacion-de-hormigon\/","title":{"rendered":"Juntas de dilataci\u00f3n de hormig\u00f3n"},"content":{"rendered":"<p>Las juntas de dilataci\u00f3n de hormig\u00f3n son un elemento esencial en cualquier proyecto de hormig\u00f3n a gran escala. Est\u00e1n dise\u00f1ados para absorber la dilataci\u00f3n y contracci\u00f3n de los materiales de construcci\u00f3n inducidas por el calor, evitando as\u00ed posibles da\u00f1os. Sin estas juntas de dilataci\u00f3n, los grandes tramos de hormig\u00f3n podr\u00edan desarrollar grietas importantes debido a la dilataci\u00f3n o contracci\u00f3n t\u00e9rmica. No s\u00f3lo preservan la integridad y el aspecto de sus estructuras de hormig\u00f3n, sino que tambi\u00e9n ayudan a mejorar su longevidad y rendimiento general.<\/p>\n","protected":false},"excerpt":{"rendered":"<ul>\n<li style=\"font-weight: 400;\" aria-level=\"1\"><span style=\"font-weight: 400;\">Hormig\u00f3n Las juntas de dilataci\u00f3n en una losa de hormig\u00f3n evitan el agrietamiento y el pandeo  <\/span><\/li>\n<li style=\"font-weight: 400;\" aria-level=\"1\"><span style=\"font-weight: 400;\">  Las juntas de dilataci\u00f3n evitan da\u00f1os en la losa por cambios de temperatura<\/span><\/li>\n<li style=\"font-weight: 400;\" aria-level=\"1\"><span style=\"font-weight: 400;\">Importante en la colocaci\u00f3n de hormigones consecutivos<\/span><\/li>\n<li style=\"font-weight: 400;\" aria-level=\"1\"><span style=\"font-weight: 400;\">Se utiliza en zonas hormigonadas delimitadas por muros o edificios  <\/span><\/li>\n<li style=\"font-weight: 400;\" aria-level=\"1\"><span style=\"font-weight: 400;\">Incorporado en zonas donde se aplican productos de hierro fundido  <\/span><\/li>\n<\/ul>\n","protected":false},"featured_media":774,"template":"","meta":{"_acf_changed":false,"_kad_blocks_custom_css":"","_kad_blocks_head_custom_js":"","_kad_blocks_body_custom_js":"","_kad_blocks_footer_custom_js":"","_kad_post_transparent":"","_kad_post_title":"","_kad_post_layout":"","_kad_post_sidebar_id":"","_kad_post_content_style":"","_kad_post_vertical_padding":"","_kad_post_feature":"","_kad_post_feature_position":"","_kad_post_header":false,"_kad_post_footer":false,"_kad_post_classname":""},"product_brand":[],"product_cat":[60,44],"product_tag":[],"class_list":{"0":"post-780","1":"product","2":"type-product","3":"status-publish","4":"has-post-thumbnail","6":"product_cat-suministros-de-hormigon","7":"product_cat-suministros-para-albaniles","9":"first","10":"instock","11":"shipping-taxable","12":"product-type-simple","13":"entry","14":"content-bg","15":"loop-entry"},"acf":[],"taxonomy_info":{"product_cat":[{"value":60,"label":"Suministros de hormig\u00f3n"},{"value":44,"label":"Suministros para alba\u00f1iles"}]},"featured_image_src_large":["https:\/\/bayaggregates.com\/wp-content\/uploads\/2023\/01\/tar-paper-2.jpg",600,460,false],"author_info":[],"comment_info":"","_links":{"self":[{"href":"https:\/\/bayaggregates.com\/es\/wp-json\/wp\/v2\/product\/780","targetHints":{"allow":["GET"]}}],"collection":[{"href":"https:\/\/bayaggregates.com\/es\/wp-json\/wp\/v2\/product"}],"about":[{"href":"https:\/\/bayaggregates.com\/es\/wp-json\/wp\/v2\/types\/product"}],"wp:featuredmedia":[{"embeddable":true,"href":"https:\/\/bayaggregates.com\/es\/wp-json\/wp\/v2\/media\/774"}],"wp:attachment":[{"href":"https:\/\/bayaggregates.com\/es\/wp-json\/wp\/v2\/media?parent=780"}],"wp:term":[{"taxonomy":"product_brand","embeddable":true,"href":"https:\/\/bayaggregates.com\/es\/wp-json\/wp\/v2\/product_brand?post=780"},{"taxonomy":"product_cat","embeddable":true,"href":"https:\/\/bayaggregates.com\/es\/wp-json\/wp\/v2\/product_cat?post=780"},{"taxonomy":"product_tag","embeddable":true,"href":"https:\/\/bayaggregates.com\/es\/wp-json\/wp\/v2\/product_tag?post=780"}],"curies":[{"name":"wp","href":"https:\/\/api.w.org\/{rel}","templated":true}]}}