{"id":778,"date":"2023-01-17T09:08:03","date_gmt":"2023-01-17T14:08:03","guid":{"rendered":"https:\/\/bayaggregates.com\/product\/tejido-paisajistico-tejido-de-drenaje\/"},"modified":"2024-02-21T07:12:37","modified_gmt":"2024-02-21T12:12:37","slug":"paisaje-tejido-drenaje-tejido","status":"publish","type":"product","link":"https:\/\/bayaggregates.com\/es\/producto\/paisaje-tejido-drenaje-tejido\/","title":{"rendered":"Tejido paisaj\u00edstico"},"content":{"rendered":"<p>Mejore la salud de su jard\u00edn con nuestra tela para paisajismo, una herramienta vital para cualquier jardinero. Este tejido es una excelente soluci\u00f3n para el control de las malas hierbas, ya que impide su crecimiento al tiempo que permite que el agua y los nutrientes penetren en el suelo. Especialmente beneficioso para macizos de flores y huertos, ahorra tiempo que de otro modo se dedicar\u00eda a desherbar, permiti\u00e9ndole centrarse en el crecimiento de su hermoso jard\u00edn. Adem\u00e1s, tambi\u00e9n ayuda a mantener la humedad del suelo, contribuyendo a que las plantas est\u00e9n m\u00e1s sanas. Duraderas, f\u00e1ciles de instalar y ecol\u00f3gicas, nuestras telas para paisajismo son un fant\u00e1stico aliado para cualquier jardinero.<\/p>\n","protected":false},"excerpt":{"rendered":"<ul>\n<li style=\"font-weight: 400;\" aria-level=\"1\"><span style=\"font-weight: 400;\">Las telas de jardiner\u00eda evitan el crecimiento de malas hierbas en los parterres, las calzadas y los caminos.<\/span><\/li>\n<li style=\"font-weight: 400;\" aria-level=\"1\"><span style=\"font-weight: 400;\">Permitiendo que el agua y el aire sigan pasando<\/span><\/li>\n<li style=\"font-weight: 400;\" aria-level=\"1\"><span style=\"font-weight: 400;\">Base para mantillo, grava, piedra<\/span><\/li>\n<\/ul>\n","protected":false},"featured_media":820,"template":"","meta":{"_acf_changed":false,"_kad_blocks_custom_css":"","_kad_blocks_head_custom_js":"","_kad_blocks_body_custom_js":"","_kad_blocks_footer_custom_js":"","_kad_post_transparent":"","_kad_post_title":"","_kad_post_layout":"","_kad_post_sidebar_id":"","_kad_post_content_style":"","_kad_post_vertical_padding":"","_kad_post_feature":"","_kad_post_feature_position":"","_kad_post_header":false,"_kad_post_footer":false,"_kad_post_classname":""},"product_brand":[],"product_cat":[49,45,51],"product_tag":[],"class_list":{"0":"post-778","1":"product","2":"type-product","3":"status-publish","4":"has-post-thumbnail","6":"product_cat-desagues-y-aguas-pluviales","7":"product_cat-mantillo","8":"product_cat-tuberias-y-accesorios","10":"first","11":"instock","12":"shipping-taxable","13":"product-type-simple","14":"entry","15":"content-bg","16":"loop-entry"},"acf":[],"taxonomy_info":{"product_cat":[{"value":49,"label":"Desag\u00fces y aguas pluviales"},{"value":45,"label":"Mantillo"},{"value":51,"label":"Tuber\u00edas y accesorios"}]},"featured_image_src_large":["https:\/\/bayaggregates.com\/wp-content\/uploads\/2023\/01\/landscape-drainage-fabric-2.jpg",600,460,false],"author_info":[],"comment_info":"","_links":{"self":[{"href":"https:\/\/bayaggregates.com\/es\/wp-json\/wp\/v2\/product\/778","targetHints":{"allow":["GET"]}}],"collection":[{"href":"https:\/\/bayaggregates.com\/es\/wp-json\/wp\/v2\/product"}],"about":[{"href":"https:\/\/bayaggregates.com\/es\/wp-json\/wp\/v2\/types\/product"}],"wp:featuredmedia":[{"embeddable":true,"href":"https:\/\/bayaggregates.com\/es\/wp-json\/wp\/v2\/media\/820"}],"wp:attachment":[{"href":"https:\/\/bayaggregates.com\/es\/wp-json\/wp\/v2\/media?parent=778"}],"wp:term":[{"taxonomy":"product_brand","embeddable":true,"href":"https:\/\/bayaggregates.com\/es\/wp-json\/wp\/v2\/product_brand?post=778"},{"taxonomy":"product_cat","embeddable":true,"href":"https:\/\/bayaggregates.com\/es\/wp-json\/wp\/v2\/product_cat?post=778"},{"taxonomy":"product_tag","embeddable":true,"href":"https:\/\/bayaggregates.com\/es\/wp-json\/wp\/v2\/product_tag?post=778"}],"curies":[{"name":"wp","href":"https:\/\/api.w.org\/{rel}","templated":true}]}}