{"id":777,"date":"2023-01-17T09:11:05","date_gmt":"2023-01-17T14:11:05","guid":{"rendered":"https:\/\/bayaggregates.com\/product\/papel-de-alquitran\/"},"modified":"2024-02-21T11:29:50","modified_gmt":"2024-02-21T16:29:50","slug":"papel-alquitranado","status":"publish","type":"product","link":"https:\/\/bayaggregates.com\/es\/producto\/papel-alquitranado\/","title":{"rendered":"Papel de alquitr\u00e1n"},"content":{"rendered":"<p>Nuestro papel de alquitr\u00e1n es una barrera esencial contra la humedad en aplicaciones de techado. Es una forma barata pero eficaz de proteger su tejado de los da\u00f1os causados por el agua y el viento.<br \/>\nEl papel alquitranado es un papel muy resistente utilizado en la construcci\u00f3n. El papel de alquitr\u00e1n se fabrica impregnando papel o estera de fibra de vidrio con alquitr\u00e1n, produciendo un material impermeable \u00fatil para la construcci\u00f3n de tejados.<\/p>\n","protected":false},"excerpt":{"rendered":"<ul>\n<li style=\"font-weight: 400;\" aria-level=\"1\"><span style=\"font-weight: 400;\">Capa base para estuco<\/span><\/li>\n<li style=\"font-weight: 400;\" aria-level=\"1\"><span style=\"font-weight: 400;\">Protecci\u00f3n de tejados y entramado de madera  <\/span><\/li>\n<li style=\"font-weight: 400;\" aria-level=\"1\"><span style=\"font-weight: 400;\">Protecci\u00f3n de suelos interiores de construcci\u00f3n y baldosas de cer\u00e1mica  <\/span><\/li>\n<li style=\"font-weight: 400;\" aria-level=\"1\"><span style=\"font-weight: 400;\">Contrapiso para tejas exteriores &#8211; paredes exteriores  <\/span><\/li>\n<li style=\"font-weight: 400;\" aria-level=\"1\"><span style=\"font-weight: 400;\">El papel de alquitr\u00e1n es hidr\u00f3fugo y se utiliza como barrera contra la intemperie<\/span><\/li>\n<li>Act\u00faa como barrera contra la humedad.<\/li>\n<li>Imprescindible en aplicaciones de techado.<\/li>\n<li>Barato pero eficaz.<\/li>\n<li>Protege los tejados de los da\u00f1os causados por el agua y el viento.<\/li>\n<\/ul>\n","protected":false},"featured_media":766,"template":"","meta":{"_acf_changed":false,"_kad_blocks_custom_css":"","_kad_blocks_head_custom_js":"","_kad_blocks_body_custom_js":"","_kad_blocks_footer_custom_js":"","_kad_post_transparent":"","_kad_post_title":"","_kad_post_layout":"","_kad_post_sidebar_id":"","_kad_post_content_style":"","_kad_post_vertical_padding":"","_kad_post_feature":"","_kad_post_feature_position":"","_kad_post_header":false,"_kad_post_footer":false,"_kad_post_classname":""},"product_brand":[],"product_cat":[52,60,44],"product_tag":[],"class_list":{"0":"post-777","1":"product","2":"type-product","3":"status-publish","4":"has-post-thumbnail","6":"product_cat-pavimentacion","7":"product_cat-suministros-de-hormigon","8":"product_cat-suministros-para-albaniles","10":"first","11":"instock","12":"shipping-taxable","13":"product-type-simple","14":"entry","15":"content-bg","16":"loop-entry"},"acf":[],"taxonomy_info":{"product_cat":[{"value":52,"label":"Pavimentaci\u00f3n"},{"value":60,"label":"Suministros de hormig\u00f3n"},{"value":44,"label":"Suministros para alba\u00f1iles"}]},"featured_image_src_large":["https:\/\/bayaggregates.com\/wp-content\/uploads\/2023\/01\/landscape-drainage-fabric.jpg",600,460,false],"author_info":[],"comment_info":"","_links":{"self":[{"href":"https:\/\/bayaggregates.com\/es\/wp-json\/wp\/v2\/product\/777","targetHints":{"allow":["GET"]}}],"collection":[{"href":"https:\/\/bayaggregates.com\/es\/wp-json\/wp\/v2\/product"}],"about":[{"href":"https:\/\/bayaggregates.com\/es\/wp-json\/wp\/v2\/types\/product"}],"wp:featuredmedia":[{"embeddable":true,"href":"https:\/\/bayaggregates.com\/es\/wp-json\/wp\/v2\/media\/766"}],"wp:attachment":[{"href":"https:\/\/bayaggregates.com\/es\/wp-json\/wp\/v2\/media?parent=777"}],"wp:term":[{"taxonomy":"product_brand","embeddable":true,"href":"https:\/\/bayaggregates.com\/es\/wp-json\/wp\/v2\/product_brand?post=777"},{"taxonomy":"product_cat","embeddable":true,"href":"https:\/\/bayaggregates.com\/es\/wp-json\/wp\/v2\/product_cat?post=777"},{"taxonomy":"product_tag","embeddable":true,"href":"https:\/\/bayaggregates.com\/es\/wp-json\/wp\/v2\/product_tag?post=777"}],"curies":[{"name":"wp","href":"https:\/\/api.w.org\/{rel}","templated":true}]}}