{"id":737,"date":"2023-01-17T07:22:19","date_gmt":"2023-01-17T12:22:19","guid":{"rendered":"https:\/\/bayaggregates.com\/product\/grava-fluvial\/"},"modified":"2024-02-21T11:24:46","modified_gmt":"2024-02-21T16:24:46","slug":"rio-grava","status":"publish","type":"product","link":"https:\/\/bayaggregates.com\/es\/producto\/rio-grava\/","title":{"rendered":"Grava fluvial"},"content":{"rendered":"<p>Nuestra grava de r\u00edo ofrece una opci\u00f3n \u00fanica y natural para las necesidades de paisajismo y construcci\u00f3n. Procedente de lechos fluviales, ofrece una bella est\u00e9tica y aplicaciones vers\u00e1tiles. Se utiliza mejor en zonas no transitadas de gran visibilidad. Puede utilizarse con muchas plantas y arbustos porque las superficies redondeadas garantizan que el agua de lluvia y de otro tipo penetre hasta llegar a las ra\u00edces para nutrirlas.<\/p>\n","protected":false},"excerpt":{"rendered":"<ul>\n<li aria-level=\"1\"><span style=\"font-weight: 400;\">Paisaje decorativo que a\u00f1ade un entorno natural  <\/span><\/li>\n<li aria-level=\"1\"><span style=\"font-weight: 400;\">Drenaje y control de la erosi\u00f3n  <\/span><\/li>\n<li aria-level=\"1\"><span style=\"font-weight: 400;\">Atractivo est\u00e9tico del parterre, flores de cortes\u00eda, plantaciones, arbustos<\/span><\/li>\n<li aria-level=\"1\"><span style=\"font-weight: 400;\">A\u00f1adido por encima de la tela Landscape para evitar el crecimiento de malas hierbas<\/span><\/li>\n<li>Proporciona una est\u00e9tica natural a los proyectos paisaj\u00edsticos.<\/li>\n<li>Se extrae de los lechos de los r\u00edos.<\/li>\n<li>Vers\u00e1til en sus aplicaciones.<\/li>\n<li>Complementa caminos, calzadas y otros elementos decorativos.<\/li>\n<\/ul>\n","protected":false},"featured_media":723,"template":"","meta":{"_acf_changed":false,"_kad_blocks_custom_css":"","_kad_blocks_head_custom_js":"","_kad_blocks_body_custom_js":"","_kad_blocks_footer_custom_js":"","_kad_post_transparent":"","_kad_post_title":"","_kad_post_layout":"","_kad_post_sidebar_id":"","_kad_post_content_style":"","_kad_post_vertical_padding":"","_kad_post_feature":"","_kad_post_feature_position":"","_kad_post_header":false,"_kad_post_footer":false,"_kad_post_classname":""},"product_brand":[],"product_cat":[52,46],"product_tag":[],"class_list":{"0":"post-737","1":"product","2":"type-product","3":"status-publish","4":"has-post-thumbnail","6":"product_cat-pavimentacion","7":"product_cat-piedra-y-grava","9":"first","10":"instock","11":"shipping-taxable","12":"product-type-simple","13":"entry","14":"content-bg","15":"loop-entry"},"acf":[],"taxonomy_info":{"product_cat":[{"value":52,"label":"Pavimentaci\u00f3n"},{"value":46,"label":"Piedra y grava"}]},"featured_image_src_large":["https:\/\/bayaggregates.com\/wp-content\/uploads\/2023\/01\/river-stone-gravel-2.jpg",600,460,false],"author_info":[],"comment_info":"","_links":{"self":[{"href":"https:\/\/bayaggregates.com\/es\/wp-json\/wp\/v2\/product\/737","targetHints":{"allow":["GET"]}}],"collection":[{"href":"https:\/\/bayaggregates.com\/es\/wp-json\/wp\/v2\/product"}],"about":[{"href":"https:\/\/bayaggregates.com\/es\/wp-json\/wp\/v2\/types\/product"}],"wp:featuredmedia":[{"embeddable":true,"href":"https:\/\/bayaggregates.com\/es\/wp-json\/wp\/v2\/media\/723"}],"wp:attachment":[{"href":"https:\/\/bayaggregates.com\/es\/wp-json\/wp\/v2\/media?parent=737"}],"wp:term":[{"taxonomy":"product_brand","embeddable":true,"href":"https:\/\/bayaggregates.com\/es\/wp-json\/wp\/v2\/product_brand?post=737"},{"taxonomy":"product_cat","embeddable":true,"href":"https:\/\/bayaggregates.com\/es\/wp-json\/wp\/v2\/product_cat?post=737"},{"taxonomy":"product_tag","embeddable":true,"href":"https:\/\/bayaggregates.com\/es\/wp-json\/wp\/v2\/product_tag?post=737"}],"curies":[{"name":"wp","href":"https:\/\/api.w.org\/{rel}","templated":true}]}}