{"id":628,"date":"2023-01-16T04:20:38","date_gmt":"2023-01-16T09:20:38","guid":{"rendered":"https:\/\/bayaggregates.com\/product\/varilla-y-alambre-para-hormigon\/"},"modified":"2024-02-21T07:40:02","modified_gmt":"2024-02-21T12:40:02","slug":"armadura-concrete-wire-lath","status":"publish","type":"product","link":"https:\/\/bayaggregates.com\/es\/producto\/armadura-concrete-wire-lath\/","title":{"rendered":"Varilla"},"content":{"rendered":"<p>Las barras de refuerzo son un componente crucial para reforzar las estructuras de hormig\u00f3n. Conocidas por su gran resistencia a la tracci\u00f3n y su durabilidad, las barras de refuerzo proporcionan un apoyo muy necesario al hormig\u00f3n, reduciendo el riesgo de agrietamiento y proporcionando estabilidad frente a fuerzas como el viento y los terremotos. Desde peque\u00f1os proyectos dom\u00e9sticos hasta construcciones a gran escala, nuestras barras de refuerzo son una inversi\u00f3n esencial para conseguir estructuras seguras, fuertes y duraderas.<\/p>\n","protected":false},"excerpt":{"rendered":"<ul>\n<li style=\"font-weight: 400;\" aria-level=\"1\"><span style=\"font-weight: 400;\">Barras de refuerzo utilizadas en hormig\u00f3n estructural  <\/span><\/li>\n<li style=\"font-weight: 400;\" aria-level=\"1\"><span style=\"font-weight: 400;\">Edificios, viviendas, cimientos  <\/span><\/li>\n<li style=\"font-weight: 400;\" aria-level=\"1\"><span style=\"font-weight: 400;\">Si lo desea, podemos cortar y doblar barras de refuerzo en nuestras instalaciones.<\/span><\/li>\n<li style=\"font-weight: 400;\" aria-level=\"1\"><span style=\"font-weight: 400;\">Abrazaderas de varilla disponibles en la tienda<\/span><\/li>\n<\/ul>\n","protected":false},"featured_media":625,"template":"","meta":{"_acf_changed":false,"_kad_blocks_custom_css":"","_kad_blocks_head_custom_js":"","_kad_blocks_body_custom_js":"","_kad_blocks_footer_custom_js":"","_kad_post_transparent":"","_kad_post_title":"","_kad_post_layout":"","_kad_post_sidebar_id":"","_kad_post_content_style":"","_kad_post_vertical_padding":"","_kad_post_feature":"","_kad_post_feature_position":"","_kad_post_header":false,"_kad_post_footer":false,"_kad_post_classname":""},"product_brand":[],"product_cat":[60,44],"product_tag":[],"class_list":{"0":"post-628","1":"product","2":"type-product","3":"status-publish","4":"has-post-thumbnail","6":"product_cat-suministros-de-hormigon","7":"product_cat-suministros-para-albaniles","9":"first","10":"instock","11":"shipping-taxable","12":"product-type-simple","13":"entry","14":"content-bg","15":"loop-entry"},"acf":[],"taxonomy_info":{"product_cat":[{"value":60,"label":"Suministros de hormig\u00f3n"},{"value":44,"label":"Suministros para alba\u00f1iles"}]},"featured_image_src_large":["https:\/\/bayaggregates.com\/wp-content\/uploads\/2023\/01\/rebar-2-1-1024x683.jpg",1024,683,true],"author_info":[],"comment_info":"","_links":{"self":[{"href":"https:\/\/bayaggregates.com\/es\/wp-json\/wp\/v2\/product\/628","targetHints":{"allow":["GET"]}}],"collection":[{"href":"https:\/\/bayaggregates.com\/es\/wp-json\/wp\/v2\/product"}],"about":[{"href":"https:\/\/bayaggregates.com\/es\/wp-json\/wp\/v2\/types\/product"}],"wp:featuredmedia":[{"embeddable":true,"href":"https:\/\/bayaggregates.com\/es\/wp-json\/wp\/v2\/media\/625"}],"wp:attachment":[{"href":"https:\/\/bayaggregates.com\/es\/wp-json\/wp\/v2\/media?parent=628"}],"wp:term":[{"taxonomy":"product_brand","embeddable":true,"href":"https:\/\/bayaggregates.com\/es\/wp-json\/wp\/v2\/product_brand?post=628"},{"taxonomy":"product_cat","embeddable":true,"href":"https:\/\/bayaggregates.com\/es\/wp-json\/wp\/v2\/product_cat?post=628"},{"taxonomy":"product_tag","embeddable":true,"href":"https:\/\/bayaggregates.com\/es\/wp-json\/wp\/v2\/product_tag?post=628"}],"curies":[{"name":"wp","href":"https:\/\/api.w.org\/{rel}","templated":true}]}}