{"id":612,"date":"2023-01-16T04:10:36","date_gmt":"2023-01-16T09:10:36","guid":{"rendered":"https:\/\/bayaggregates.com\/product\/cestas-de-roca\/"},"modified":"2024-02-21T11:26:01","modified_gmt":"2024-02-21T16:26:01","slug":"cestas-rocas","status":"publish","type":"product","link":"https:\/\/bayaggregates.com\/es\/producto\/cestas-rocas\/","title":{"rendered":"Cestas de roca"},"content":{"rendered":"<p>Nuestras cestas de roca, o gaviones, ofrecen un equilibrio \u00fanico entre dise\u00f1o y funcionalidad. Act\u00faan como eficaces retenedores a la vez que a\u00f1aden un toque r\u00fastico a sus proyectos de paisajismo.<\/p>\n<p>Nuestras cestas para rocas tienen un precio por pal\u00e9.<\/p>\n","protected":false},"excerpt":{"rendered":"<ul>\n<li>Ofrece dise\u00f1o y funcionalidad.<\/li>\n<li>Act\u00faan como eficaces retenedores.<\/li>\n<li>A\u00f1ade un encanto r\u00fastico a los paisajes.<\/li>\n<li>Duradero y vers\u00e1til para diversas necesidades paisaj\u00edsticas.<\/li>\n<\/ul>\n","protected":false},"featured_media":604,"template":"","meta":{"_acf_changed":false,"_kad_blocks_custom_css":"","_kad_blocks_head_custom_js":"","_kad_blocks_body_custom_js":"","_kad_blocks_footer_custom_js":"","_kad_post_transparent":"","_kad_post_title":"","_kad_post_layout":"","_kad_post_sidebar_id":"","_kad_post_content_style":"","_kad_post_vertical_padding":"","_kad_post_feature":"","_kad_post_feature_position":"","_kad_post_header":false,"_kad_post_footer":false,"_kad_post_classname":""},"product_brand":[],"product_cat":[56],"product_tag":[],"class_list":{"0":"post-612","1":"product","2":"type-product","3":"status-publish","4":"has-post-thumbnail","6":"product_cat-rocas-y-cantos-rodados","8":"first","9":"instock","10":"shipping-taxable","11":"product-type-simple","12":"entry","13":"content-bg","14":"loop-entry"},"acf":[],"taxonomy_info":{"product_cat":[{"value":56,"label":"Rocas y cantos rodados"}]},"featured_image_src_large":["https:\/\/bayaggregates.com\/wp-content\/uploads\/2023\/01\/rock-baskets-1.jpg",489,407,false],"author_info":[],"comment_info":"","_links":{"self":[{"href":"https:\/\/bayaggregates.com\/es\/wp-json\/wp\/v2\/product\/612","targetHints":{"allow":["GET"]}}],"collection":[{"href":"https:\/\/bayaggregates.com\/es\/wp-json\/wp\/v2\/product"}],"about":[{"href":"https:\/\/bayaggregates.com\/es\/wp-json\/wp\/v2\/types\/product"}],"wp:featuredmedia":[{"embeddable":true,"href":"https:\/\/bayaggregates.com\/es\/wp-json\/wp\/v2\/media\/604"}],"wp:attachment":[{"href":"https:\/\/bayaggregates.com\/es\/wp-json\/wp\/v2\/media?parent=612"}],"wp:term":[{"taxonomy":"product_brand","embeddable":true,"href":"https:\/\/bayaggregates.com\/es\/wp-json\/wp\/v2\/product_brand?post=612"},{"taxonomy":"product_cat","embeddable":true,"href":"https:\/\/bayaggregates.com\/es\/wp-json\/wp\/v2\/product_cat?post=612"},{"taxonomy":"product_tag","embeddable":true,"href":"https:\/\/bayaggregates.com\/es\/wp-json\/wp\/v2\/product_tag?post=612"}],"curies":[{"name":"wp","href":"https:\/\/api.w.org\/{rel}","templated":true}]}}