{"id":534,"date":"2023-01-08T14:35:55","date_gmt":"2023-01-08T19:35:55","guid":{"rendered":"https:\/\/bayaggregates.com\/?post_type=product&#038;p=534"},"modified":"2023-01-17T07:59:17","modified_gmt":"2023-01-17T12:59:17","slug":"sistemas-de-desague-de-pvc","status":"publish","type":"product","link":"https:\/\/bayaggregates.com\/es\/producto\/sistemas-de-desague-de-pvc\/","title":{"rendered":"Caja de desag\u00fce de PVC &#8211; Flowell Systems"},"content":{"rendered":"<p>Nuestra caja de desag\u00fce de PVC para sistemas Flowell est\u00e1 disponible en los siguientes tama\u00f1os:<\/p>\n<ul>\n<li>9&#8243; x 9&#8243;<\/li>\n<li>12&#8243; x 12&#8243;<\/li>\n<li>18&#8243; x 18&#8243;<\/li>\n<\/ul>\n","protected":false},"excerpt":{"rendered":"<ul>\n<li style=\"font-weight: 400;\" aria-level=\"1\"><span style=\"font-weight: 400;\">Recogida del exceso de lluvia y gesti\u00f3n de las aguas pluviales<\/span><\/li>\n<li style=\"font-weight: 400;\" aria-level=\"1\"><span style=\"font-weight: 400;\">Agua de canalones, en el jard\u00edn, garaje, zonas de piscina, patios, otros proyectos de construcci\u00f3n<\/span><\/li>\n<li style=\"font-weight: 400;\" aria-level=\"1\"><span style=\"font-weight: 400;\">Sirve como elemento de drenaje puntual<\/span><\/li>\n<li style=\"font-weight: 400;\" aria-level=\"1\"><span style=\"font-weight: 400;\">Sistema de pozos de flujo, recogida, retenci\u00f3n y vertido de aguas pluviales in situ<\/span><\/li>\n<\/ul>\n","protected":false},"featured_media":438,"template":"","meta":{"_acf_changed":false,"_kad_blocks_custom_css":"","_kad_blocks_head_custom_js":"","_kad_blocks_body_custom_js":"","_kad_blocks_footer_custom_js":"","_kad_post_transparent":"","_kad_post_title":"","_kad_post_layout":"","_kad_post_sidebar_id":"","_kad_post_content_style":"","_kad_post_vertical_padding":"","_kad_post_feature":"","_kad_post_feature_position":"","_kad_post_header":false,"_kad_post_footer":false,"_kad_post_classname":""},"product_brand":[],"product_cat":[49],"product_tag":[],"class_list":{"0":"post-534","1":"product","2":"type-product","3":"status-publish","4":"has-post-thumbnail","6":"product_cat-desagues-y-aguas-pluviales","8":"first","9":"instock","10":"shipping-taxable","11":"product-type-simple","12":"entry","13":"content-bg","14":"loop-entry"},"acf":[],"taxonomy_info":{"product_cat":[{"value":49,"label":"Desag\u00fces y aguas pluviales"}]},"featured_image_src_large":["https:\/\/bayaggregates.com\/wp-content\/uploads\/2023\/01\/pvc-drain-box.png",829,829,false],"author_info":[],"comment_info":"","_links":{"self":[{"href":"https:\/\/bayaggregates.com\/es\/wp-json\/wp\/v2\/product\/534","targetHints":{"allow":["GET"]}}],"collection":[{"href":"https:\/\/bayaggregates.com\/es\/wp-json\/wp\/v2\/product"}],"about":[{"href":"https:\/\/bayaggregates.com\/es\/wp-json\/wp\/v2\/types\/product"}],"wp:featuredmedia":[{"embeddable":true,"href":"https:\/\/bayaggregates.com\/es\/wp-json\/wp\/v2\/media\/438"}],"wp:attachment":[{"href":"https:\/\/bayaggregates.com\/es\/wp-json\/wp\/v2\/media?parent=534"}],"wp:term":[{"taxonomy":"product_brand","embeddable":true,"href":"https:\/\/bayaggregates.com\/es\/wp-json\/wp\/v2\/product_brand?post=534"},{"taxonomy":"product_cat","embeddable":true,"href":"https:\/\/bayaggregates.com\/es\/wp-json\/wp\/v2\/product_cat?post=534"},{"taxonomy":"product_tag","embeddable":true,"href":"https:\/\/bayaggregates.com\/es\/wp-json\/wp\/v2\/product_tag?post=534"}],"curies":[{"name":"wp","href":"https:\/\/api.w.org\/{rel}","templated":true}]}}