{"id":532,"date":"2023-01-08T14:30:51","date_gmt":"2023-01-08T19:30:51","guid":{"rendered":"https:\/\/bayaggregates.com\/?post_type=product&#038;p=532"},"modified":"2024-03-13T04:00:54","modified_gmt":"2024-03-13T08:00:54","slug":"sal-arena-calcio-cloruro","status":"publish","type":"product","link":"https:\/\/bayaggregates.com\/es\/producto\/sal-arena-calcio-cloruro\/","title":{"rendered":"Cloruro c\u00e1lcico"},"content":{"rendered":"<p>Mantenga sus caminos y entradas sin hielo con nuestro cloruro c\u00e1lcico, una soluci\u00f3n de eficacia probada para combatir el hielo. De acci\u00f3n r\u00e1pida y eficaz a temperaturas muy bajas, el cloruro c\u00e1lcico derrite el hielo y la nieve con rapidez, haciendo que las aceras sean m\u00e1s seguras para peatones y veh\u00edculos. Con nuestro cloruro c\u00e1lcico, podr\u00e1 navegar con confianza por los alrededores, incluso en las condiciones meteorol\u00f3gicas m\u00e1s adversas del invierno. Mant\u00e9ngase seguro y evite incidentes resbaladizos con esta potente soluci\u00f3n para derretir el hielo.<\/p>\n","protected":false},"excerpt":{"rendered":"<ul>\n<li style=\"font-weight: 400;\" aria-level=\"1\"><span style=\"font-weight: 400;\">El cloruro c\u00e1lcico se utiliza para el deshielo de aceras y calzadas de particulares<\/span><\/li>\n<\/ul>\n","protected":false},"featured_media":1143,"template":"","meta":{"_acf_changed":false,"_kad_blocks_custom_css":"","_kad_blocks_head_custom_js":"","_kad_blocks_body_custom_js":"","_kad_blocks_footer_custom_js":"","_kad_post_transparent":"","_kad_post_title":"","_kad_post_layout":"","_kad_post_sidebar_id":"","_kad_post_content_style":"","_kad_post_vertical_padding":"","_kad_post_feature":"","_kad_post_feature_position":"","_kad_post_header":false,"_kad_post_footer":false,"_kad_post_classname":""},"product_brand":[],"product_cat":[52],"product_tag":[],"class_list":{"0":"post-532","1":"product","2":"type-product","3":"status-publish","4":"has-post-thumbnail","6":"product_cat-pavimentacion","8":"first","9":"instock","10":"shipping-taxable","11":"product-type-simple","12":"entry","13":"content-bg","14":"loop-entry"},"acf":[],"taxonomy_info":{"product_cat":[{"value":52,"label":"Pavimentaci\u00f3n"}]},"featured_image_src_large":["https:\/\/bayaggregates.com\/wp-content\/uploads\/2023\/01\/peladow-calcium-chloride.jpg",900,833,false],"author_info":[],"comment_info":"","_links":{"self":[{"href":"https:\/\/bayaggregates.com\/es\/wp-json\/wp\/v2\/product\/532","targetHints":{"allow":["GET"]}}],"collection":[{"href":"https:\/\/bayaggregates.com\/es\/wp-json\/wp\/v2\/product"}],"about":[{"href":"https:\/\/bayaggregates.com\/es\/wp-json\/wp\/v2\/types\/product"}],"wp:featuredmedia":[{"embeddable":true,"href":"https:\/\/bayaggregates.com\/es\/wp-json\/wp\/v2\/media\/1143"}],"wp:attachment":[{"href":"https:\/\/bayaggregates.com\/es\/wp-json\/wp\/v2\/media?parent=532"}],"wp:term":[{"taxonomy":"product_brand","embeddable":true,"href":"https:\/\/bayaggregates.com\/es\/wp-json\/wp\/v2\/product_brand?post=532"},{"taxonomy":"product_cat","embeddable":true,"href":"https:\/\/bayaggregates.com\/es\/wp-json\/wp\/v2\/product_cat?post=532"},{"taxonomy":"product_tag","embeddable":true,"href":"https:\/\/bayaggregates.com\/es\/wp-json\/wp\/v2\/product_tag?post=532"}],"curies":[{"name":"wp","href":"https:\/\/api.w.org\/{rel}","templated":true}]}}