{"id":529,"date":"2023-01-08T14:01:00","date_gmt":"2023-01-08T19:01:00","guid":{"rendered":"https:\/\/bayaggregates.com\/?post_type=product&#038;p=529"},"modified":"2023-01-11T03:23:30","modified_gmt":"2023-01-11T08:23:30","slug":"piedra-de-campo","status":"publish","type":"product","link":"https:\/\/bayaggregates.com\/es\/producto\/piedra-de-campo\/","title":{"rendered":"Piedra Wallstone \/ Fieldstone"},"content":{"rendered":"<p>Pennsylvania Wallstone<br \/>\nVarias variedades<\/p>\n","protected":false},"excerpt":{"rendered":"<p>La piedra de muro es un tipo de material de alba\u00f1iler\u00eda utilizado para construir muros, caminos y otras estructuras. A menudo se utiliza para crear muros de contenci\u00f3n, muros de jard\u00edn y otras estructuras exteriores. Wallstone tambi\u00e9n puede utilizarse para crear elementos decorativos como hogueras, cocinas de exterior y juegos de agua.<\/p>\n","protected":false},"featured_media":430,"template":"","meta":{"_acf_changed":false,"_kad_blocks_custom_css":"","_kad_blocks_head_custom_js":"","_kad_blocks_body_custom_js":"","_kad_blocks_footer_custom_js":"","_kad_post_transparent":"default","_kad_post_title":"","_kad_post_layout":"default","_kad_post_sidebar_id":"","_kad_post_content_style":"default","_kad_post_vertical_padding":"default","_kad_post_feature":"","_kad_post_feature_position":"","_kad_post_header":false,"_kad_post_footer":false,"_kad_post_classname":""},"product_brand":[],"product_cat":[46],"product_tag":[],"class_list":{"0":"post-529","1":"product","2":"type-product","3":"status-publish","4":"has-post-thumbnail","6":"product_cat-piedra-y-grava","8":"first","9":"instock","10":"shipping-taxable","11":"product-type-simple","12":"entry","13":"content-bg","14":"loop-entry"},"acf":[],"taxonomy_info":{"product_cat":[{"value":46,"label":"Piedra y grava"}]},"featured_image_src_large":["https:\/\/bayaggregates.com\/wp-content\/uploads\/2023\/01\/feild-stone-2.jpg",600,460,false],"author_info":[],"comment_info":"","_links":{"self":[{"href":"https:\/\/bayaggregates.com\/es\/wp-json\/wp\/v2\/product\/529","targetHints":{"allow":["GET"]}}],"collection":[{"href":"https:\/\/bayaggregates.com\/es\/wp-json\/wp\/v2\/product"}],"about":[{"href":"https:\/\/bayaggregates.com\/es\/wp-json\/wp\/v2\/types\/product"}],"wp:featuredmedia":[{"embeddable":true,"href":"https:\/\/bayaggregates.com\/es\/wp-json\/wp\/v2\/media\/430"}],"wp:attachment":[{"href":"https:\/\/bayaggregates.com\/es\/wp-json\/wp\/v2\/media?parent=529"}],"wp:term":[{"taxonomy":"product_brand","embeddable":true,"href":"https:\/\/bayaggregates.com\/es\/wp-json\/wp\/v2\/product_brand?post=529"},{"taxonomy":"product_cat","embeddable":true,"href":"https:\/\/bayaggregates.com\/es\/wp-json\/wp\/v2\/product_cat?post=529"},{"taxonomy":"product_tag","embeddable":true,"href":"https:\/\/bayaggregates.com\/es\/wp-json\/wp\/v2\/product_tag?post=529"}],"curies":[{"name":"wp","href":"https:\/\/api.w.org\/{rel}","templated":true}]}}