{"id":526,"date":"2023-01-08T14:03:27","date_gmt":"2023-01-08T19:03:27","guid":{"rendered":"https:\/\/bayaggregates.com\/?post_type=product&#038;p=526"},"modified":"2024-03-12T11:39:36","modified_gmt":"2024-03-12T15:39:36","slug":"mamposteria-arena-hormigon","status":"publish","type":"product","link":"https:\/\/bayaggregates.com\/es\/producto\/mamposteria-arena-hormigon\/","title":{"rendered":"Arena de alba\u00f1iler\u00eda"},"content":{"rendered":"<p>Maximice la calidad de sus aplicaciones de mamposter\u00eda con nuestra arena para mamposter\u00eda. La arena fina es ideal para tareas como la colocaci\u00f3n de ladrillos y piedra o la mezcla de mortero. Tambi\u00e9n puede utilizarse como base para adoquines o como nivelador en sus proyectos de construcci\u00f3n. Como soluci\u00f3n vers\u00e1til, optimiza la fuerza de adherencia en las unidades de mamposter\u00eda colocadas, garantizando una construcci\u00f3n resistente y robusta. Ya sea para la mezcla de mortero o para proporcionar una base estable, nuestra arena de alba\u00f1iler\u00eda es su opci\u00f3n para todas las necesidades de alba\u00f1iler\u00eda.<\/p>\n","protected":false},"excerpt":{"rendered":"<p>La arena de alba\u00f1iler\u00eda es una arena fina que se utiliza en aplicaciones de alba\u00f1iler\u00eda como la colocaci\u00f3n de ladrillos y piedra, la mezcla de mortero y otros proyectos de construcci\u00f3n. Es un tipo de arena m\u00e1s fina que la arena gruesa de hormig\u00f3n y suele mezclarse con cemento para hacer mortero para colocar ladrillos y piedras.<\/p>\n<ul>\n<li style=\"font-weight: 400;\" aria-level=\"1\"><span style=\"font-weight: 400;\">Relleno entre grietas de adoquines<\/span><\/li>\n<li style=\"font-weight: 400;\" aria-level=\"1\"><span style=\"font-weight: 400;\">Base para adoquines  <\/span><\/li>\n<li style=\"font-weight: 400;\" aria-level=\"1\"><span style=\"font-weight: 400;\">Arena de playa<\/span><\/li>\n<li style=\"font-weight: 400;\" aria-level=\"1\"><span style=\"font-weight: 400;\">Material del arenero<\/span><\/li>\n<li style=\"font-weight: 400;\" aria-level=\"1\"><span style=\"font-weight: 400;\">Agente nivelador  <\/span><\/li>\n<li style=\"font-weight: 400;\" aria-level=\"1\"><span style=\"font-weight: 400;\">Materia prima utilizada en el mortero  <\/span><\/li>\n<li style=\"font-weight: 400;\" aria-level=\"1\"><span style=\"font-weight: 400;\">Relleno de pozos negros o sistemas de aguas pluviales  <\/span><\/li>\n<li style=\"font-weight: 400;\" aria-level=\"1\"><span style=\"font-weight: 400;\">Drenaje<\/span><\/li>\n<\/ul>\n","protected":false},"featured_media":431,"template":"","meta":{"_acf_changed":false,"_kad_blocks_custom_css":"","_kad_blocks_head_custom_js":"","_kad_blocks_body_custom_js":"","_kad_blocks_footer_custom_js":"","_kad_post_transparent":"","_kad_post_title":"","_kad_post_layout":"","_kad_post_sidebar_id":"","_kad_post_content_style":"","_kad_post_vertical_padding":"","_kad_post_feature":"","_kad_post_feature_position":"","_kad_post_header":false,"_kad_post_footer":false,"_kad_post_classname":""},"product_brand":[],"product_cat":[46],"product_tag":[],"class_list":{"0":"post-526","1":"product","2":"type-product","3":"status-publish","4":"has-post-thumbnail","6":"product_cat-piedra-y-grava","8":"first","9":"instock","10":"shipping-taxable","11":"product-type-simple","12":"entry","13":"content-bg","14":"loop-entry"},"acf":[],"taxonomy_info":{"product_cat":[{"value":46,"label":"Piedra y grava"}]},"featured_image_src_large":["https:\/\/bayaggregates.com\/wp-content\/uploads\/2023\/01\/sand-mason-concrete-bankrun.jpg",600,460,false],"author_info":[],"comment_info":"","_links":{"self":[{"href":"https:\/\/bayaggregates.com\/es\/wp-json\/wp\/v2\/product\/526","targetHints":{"allow":["GET"]}}],"collection":[{"href":"https:\/\/bayaggregates.com\/es\/wp-json\/wp\/v2\/product"}],"about":[{"href":"https:\/\/bayaggregates.com\/es\/wp-json\/wp\/v2\/types\/product"}],"wp:featuredmedia":[{"embeddable":true,"href":"https:\/\/bayaggregates.com\/es\/wp-json\/wp\/v2\/media\/431"}],"wp:attachment":[{"href":"https:\/\/bayaggregates.com\/es\/wp-json\/wp\/v2\/media?parent=526"}],"wp:term":[{"taxonomy":"product_brand","embeddable":true,"href":"https:\/\/bayaggregates.com\/es\/wp-json\/wp\/v2\/product_brand?post=526"},{"taxonomy":"product_cat","embeddable":true,"href":"https:\/\/bayaggregates.com\/es\/wp-json\/wp\/v2\/product_cat?post=526"},{"taxonomy":"product_tag","embeddable":true,"href":"https:\/\/bayaggregates.com\/es\/wp-json\/wp\/v2\/product_tag?post=526"}],"curies":[{"name":"wp","href":"https:\/\/api.w.org\/{rel}","templated":true}]}}