{"id":523,"date":"2023-01-06T16:18:24","date_gmt":"2023-01-06T21:18:24","guid":{"rendered":"https:\/\/bayaggregates.com\/product\/adoquin\/"},"modified":"2024-02-21T06:35:33","modified_gmt":"2024-02-21T11:35:33","slug":"adoquin","status":"publish","type":"product","link":"https:\/\/bayaggregates.com\/es\/producto\/adoquin\/","title":{"rendered":"Adoqu\u00edn"},"content":{"rendered":"<p>El adoqu\u00edn es un material atemporal y atractivo que se utiliza a menudo para pavimentar calles y crear caminos con encanto. Su caracter\u00edstica forma irregular aporta una textura \u00fanica a cualquier proyecto paisaj\u00edstico o arquitect\u00f3nico. El adoqu\u00edn es muy duradero, capaz de soportar cargas pesadas y diversas condiciones meteorol\u00f3gicas. Su est\u00e9tica de piedra natural complementa f\u00e1cilmente diferentes estilos arquitect\u00f3nicos, por lo que es una opci\u00f3n popular tanto para restauraciones hist\u00f3ricas como para dise\u00f1os modernos.<\/p>\n<p>Nuestro adoqu\u00edn est\u00e1 disponible en:<\/p>\n<ul>\n<li>Regular<\/li>\n<li>Jumbo<\/li>\n<\/ul>\n","protected":false},"excerpt":{"rendered":"<p>El adoqu\u00edn es un material de construcci\u00f3n natural que se suele utilizar para pavimentar carreteras, calzadas, patios y pasarelas. Tambi\u00e9n se utiliza para muros de contenci\u00f3n, bordes de jardines y otros proyectos de paisajismo.<\/p>\n<ul>\n<li style=\"font-weight: 400;\" aria-level=\"1\"><span style=\"font-weight: 400;\">Durabilidad y tracci\u00f3n superiores  <\/span><\/li>\n<li style=\"font-weight: 400;\" aria-level=\"1\"><span style=\"font-weight: 400;\">Construcci\u00f3n \u00fanica, dura la prueba del tiempo<\/span><\/li>\n<li style=\"font-weight: 400;\" aria-level=\"1\"><span style=\"font-weight: 400;\">Paseos, caminos, aceras  <\/span><\/li>\n<li style=\"font-weight: 400;\" aria-level=\"1\"><span style=\"font-weight: 400;\">Borduras de jard\u00edn, bordes de jardineras  <\/span><\/li>\n<li style=\"font-weight: 400;\" aria-level=\"1\"><span style=\"font-weight: 400;\">Adoquines de granito utilizados como bordillo de entrada, petos de entrada, calzadas<\/span><\/li>\n<li style=\"font-weight: 400;\" aria-level=\"1\"><span style=\"font-weight: 400;\">Integrado en patios y juegos de agua, exterior de viviendas<\/span><\/li>\n<\/ul>\n","protected":false},"featured_media":596,"template":"","meta":{"_acf_changed":false,"_kad_blocks_custom_css":"","_kad_blocks_head_custom_js":"","_kad_blocks_body_custom_js":"","_kad_blocks_footer_custom_js":"","_kad_post_transparent":"","_kad_post_title":"","_kad_post_layout":"","_kad_post_sidebar_id":"","_kad_post_content_style":"","_kad_post_vertical_padding":"","_kad_post_feature":"","_kad_post_feature_position":"","_kad_post_header":false,"_kad_post_footer":false,"_kad_post_classname":""},"product_brand":[],"product_cat":[52],"product_tag":[],"class_list":{"0":"post-523","1":"product","2":"type-product","3":"status-publish","4":"has-post-thumbnail","6":"product_cat-pavimentacion","8":"first","9":"instock","10":"shipping-taxable","11":"product-type-simple","12":"entry","13":"content-bg","14":"loop-entry"},"acf":[],"taxonomy_info":{"product_cat":[{"value":52,"label":"Pavimentaci\u00f3n"}]},"featured_image_src_large":["https:\/\/bayaggregates.com\/wp-content\/uploads\/2023\/01\/cobble-stone-on-drive.jpg",750,500,false],"author_info":[],"comment_info":"","_links":{"self":[{"href":"https:\/\/bayaggregates.com\/es\/wp-json\/wp\/v2\/product\/523","targetHints":{"allow":["GET"]}}],"collection":[{"href":"https:\/\/bayaggregates.com\/es\/wp-json\/wp\/v2\/product"}],"about":[{"href":"https:\/\/bayaggregates.com\/es\/wp-json\/wp\/v2\/types\/product"}],"wp:featuredmedia":[{"embeddable":true,"href":"https:\/\/bayaggregates.com\/es\/wp-json\/wp\/v2\/media\/596"}],"wp:attachment":[{"href":"https:\/\/bayaggregates.com\/es\/wp-json\/wp\/v2\/media?parent=523"}],"wp:term":[{"taxonomy":"product_brand","embeddable":true,"href":"https:\/\/bayaggregates.com\/es\/wp-json\/wp\/v2\/product_brand?post=523"},{"taxonomy":"product_cat","embeddable":true,"href":"https:\/\/bayaggregates.com\/es\/wp-json\/wp\/v2\/product_cat?post=523"},{"taxonomy":"product_tag","embeddable":true,"href":"https:\/\/bayaggregates.com\/es\/wp-json\/wp\/v2\/product_tag?post=523"}],"curies":[{"name":"wp","href":"https:\/\/api.w.org\/{rel}","templated":true}]}}