{"id":520,"date":"2023-01-04T18:43:58","date_gmt":"2023-01-04T23:43:58","guid":{"rendered":"https:\/\/bayaggregates.com\/product\/anillos-de-drenaje-prefabricados\/"},"modified":"2024-02-21T11:43:05","modified_gmt":"2024-02-21T16:43:05","slug":"anillos-de-drenaje-prefabricados","status":"publish","type":"product","link":"https:\/\/bayaggregates.com\/es\/producto\/anillos-de-drenaje-prefabricados\/","title":{"rendered":"Anillos de drenaje prefabricados"},"content":{"rendered":"<p>Nuestros anillos de drenaje prefabricados ofrecen una soluci\u00f3n r\u00e1pida y eficaz para gestionar el drenaje. Duraderos y fiables, estos anillos son f\u00e1ciles de instalar y mejoran significativamente la longevidad y el rendimiento de sus sistemas de drenaje.<br \/>\n<strong><br \/>\nProporcionamos sistemas de drenaje completos de principio a fin.<\/strong> Los anillos de drenaje prefabricados se utilizan para recoger y filtrar las aguas pluviales al suelo circundante.<\/p>\n<p><strong>Tallas disponibles:<\/strong><\/p>\n<ul>\n<li>2&#215;4<\/li>\n<li>4&#215;4<\/li>\n<li>2&#215;6<\/li>\n<li>3&#215;6<\/li>\n<li>2&#215;8<\/li>\n<li>3&#215;8<\/li>\n<li>4&#215;8<\/li>\n<\/ul>\n","protected":false},"excerpt":{"rendered":"<ul>\n<li style=\"font-weight: 400;\" aria-level=\"1\"><span style=\"font-weight: 400;\">Recogida del exceso de lluvia y gesti\u00f3n de las aguas pluviales<\/span><\/li>\n<li style=\"font-weight: 400;\" aria-level=\"1\"><span style=\"font-weight: 400;\">Gesti\u00f3n de residuos s\u00e9pticos  <\/span><\/li>\n<li style=\"font-weight: 400;\" aria-level=\"1\"><span style=\"font-weight: 400;\">Cubetos de retenci\u00f3n<\/span><\/li>\n<li>Ofrece una soluci\u00f3n de drenaje r\u00e1pida y eficaz.<\/li>\n<li>Duradero y fiable para un uso prolongado.<\/li>\n<li>F\u00e1cil de instalar y mantener.<\/li>\n<li>Mejora la longevidad y el rendimiento de sus sistemas de drenaje.<\/li>\n<\/ul>\n","protected":false},"featured_media":418,"template":"","meta":{"_acf_changed":false,"_kad_blocks_custom_css":"","_kad_blocks_head_custom_js":"","_kad_blocks_body_custom_js":"","_kad_blocks_footer_custom_js":"","_kad_post_transparent":"","_kad_post_title":"","_kad_post_layout":"","_kad_post_sidebar_id":"","_kad_post_content_style":"","_kad_post_vertical_padding":"","_kad_post_feature":"","_kad_post_feature_position":"","_kad_post_header":false,"_kad_post_footer":false,"_kad_post_classname":""},"product_brand":[],"product_cat":[49],"product_tag":[],"class_list":{"0":"post-520","1":"product","2":"type-product","3":"status-publish","4":"has-post-thumbnail","6":"product_cat-desagues-y-aguas-pluviales","8":"first","9":"instock","10":"shipping-taxable","11":"product-type-simple","12":"entry","13":"content-bg","14":"loop-entry"},"acf":[],"taxonomy_info":{"product_cat":[{"value":49,"label":"Desag\u00fces y aguas pluviales"}]},"featured_image_src_large":["https:\/\/bayaggregates.com\/wp-content\/uploads\/2023\/01\/web-pre-cast-drainange-rings.jpg",600,460,false],"author_info":[],"comment_info":"","_links":{"self":[{"href":"https:\/\/bayaggregates.com\/es\/wp-json\/wp\/v2\/product\/520","targetHints":{"allow":["GET"]}}],"collection":[{"href":"https:\/\/bayaggregates.com\/es\/wp-json\/wp\/v2\/product"}],"about":[{"href":"https:\/\/bayaggregates.com\/es\/wp-json\/wp\/v2\/types\/product"}],"wp:featuredmedia":[{"embeddable":true,"href":"https:\/\/bayaggregates.com\/es\/wp-json\/wp\/v2\/media\/418"}],"wp:attachment":[{"href":"https:\/\/bayaggregates.com\/es\/wp-json\/wp\/v2\/media?parent=520"}],"wp:term":[{"taxonomy":"product_brand","embeddable":true,"href":"https:\/\/bayaggregates.com\/es\/wp-json\/wp\/v2\/product_brand?post=520"},{"taxonomy":"product_cat","embeddable":true,"href":"https:\/\/bayaggregates.com\/es\/wp-json\/wp\/v2\/product_cat?post=520"},{"taxonomy":"product_tag","embeddable":true,"href":"https:\/\/bayaggregates.com\/es\/wp-json\/wp\/v2\/product_tag?post=520"}],"curies":[{"name":"wp","href":"https:\/\/api.w.org\/{rel}","templated":true}]}}