{"id":518,"date":"2023-01-06T14:28:05","date_gmt":"2023-01-06T19:28:05","guid":{"rendered":"https:\/\/bayaggregates.com\/product\/piedra-azul-triturada\/"},"modified":"2024-02-21T06:54:30","modified_gmt":"2024-02-21T11:54:30","slug":"piedra-triturada","status":"publish","type":"product","link":"https:\/\/bayaggregates.com\/es\/producto\/piedra-triturada\/","title":{"rendered":"Piedra azul triturada"},"content":{"rendered":"<p>Piedra azul triturada, un \u00e1rido de construcci\u00f3n indispensable para una gran variedad de proyectos. Este producto procede de conjuntos de formaciones rocosas, que se explotan y se descomponen en diversos tama\u00f1os mediante una trituradora de roca. A diferencia de la grava redondeada, cuya forma se debe a la meteorizaci\u00f3n y la erosi\u00f3n naturales, nuestra piedra triturada mantiene una calidad puntiaguda y afilada. Esto le confiere una capacidad \u00fanica para unirse de forma m\u00e1s segura, a\u00f1adiendo robustez a su proyecto. La piedra triturada, un recurso accesible, tiene usos muy extendidos en sectores como la construcci\u00f3n, el paisajismo, las carreteras y la agricultura. Opte por nuestra piedra azul triturada si busca un material duradero, fiable y vers\u00e1til para su proyecto.<\/p>\n<p>Nuestra piedra azul triturada se criba para:<\/p>\n<ul>\n<li><span data-sheets-value=\"{\"1\":2,\"2\":\"Screening,1\/4, 3\/8, 3\/4, 1 1\/2\"}\" data-sheets-userformat=\"{\"2\":769,\"3\":{\"1\":0},\"11\":4,\"12\":0}\">1\/4&#8243;<\/span><\/li>\n<li><span data-sheets-value=\"{\"1\":2,\"2\":\"Screening,1\/4, 3\/8, 3\/4, 1 1\/2\"}\" data-sheets-userformat=\"{\"2\":769,\"3\":{\"1\":0},\"11\":4,\"12\":0}\">3\/8&#8243;<\/span><\/li>\n<li><span data-sheets-value=\"{\"1\":2,\"2\":\"Screening,1\/4, 3\/8, 3\/4, 1 1\/2\"}\" data-sheets-userformat=\"{\"2\":769,\"3\":{\"1\":0},\"11\":4,\"12\":0}\">3\/4&#8243;<\/span><\/li>\n<li><span data-sheets-value=\"{\"1\":2,\"2\":\"Screening,1\/4, 3\/8, 3\/4, 1 1\/2\"}\" data-sheets-userformat=\"{\"2\":769,\"3\":{\"1\":0},\"11\":4,\"12\":0}\">1 1\/2&#8243;<\/span><\/li>\n<\/ul>\n","protected":false},"excerpt":{"rendered":"<ul>\n<li style=\"font-weight: 400;\" aria-level=\"1\"><span style=\"font-weight: 400;\">La piedra azul triturada es una roca vers\u00e1til de color neutro.<\/span><\/li>\n<li style=\"font-weight: 400;\" aria-level=\"1\"><span style=\"font-weight: 400;\">Perfecto para la mayor\u00eda de las aplicaciones de dise\u00f1o paisaj\u00edstico<\/span><\/li>\n<li style=\"font-weight: 400;\" aria-level=\"1\"><span style=\"font-weight: 400;\">Jardines, caminos, calzadas y desag\u00fces<\/span><\/li>\n<li style=\"font-weight: 400;\" aria-level=\"1\"><span style=\"font-weight: 400;\">Lecho de tuber\u00edas, material de cubierta, losa de hormig\u00f3n<\/span><\/li>\n<\/ul>\n","protected":false},"featured_media":408,"template":"","meta":{"_acf_changed":false,"_kad_blocks_custom_css":"","_kad_blocks_head_custom_js":"","_kad_blocks_body_custom_js":"","_kad_blocks_footer_custom_js":"","_kad_post_transparent":"","_kad_post_title":"","_kad_post_layout":"","_kad_post_sidebar_id":"","_kad_post_content_style":"","_kad_post_vertical_padding":"","_kad_post_feature":"","_kad_post_feature_position":"","_kad_post_header":false,"_kad_post_footer":false,"_kad_post_classname":""},"product_brand":[],"product_cat":[46],"product_tag":[],"class_list":{"0":"post-518","1":"product","2":"type-product","3":"status-publish","4":"has-post-thumbnail","6":"product_cat-piedra-y-grava","8":"first","9":"instock","10":"shipping-taxable","11":"product-type-simple","12":"entry","13":"content-bg","14":"loop-entry"},"acf":[],"taxonomy_info":{"product_cat":[{"value":46,"label":"Piedra y grava"}]},"featured_image_src_large":["https:\/\/bayaggregates.com\/wp-content\/uploads\/2023\/01\/stone-blue-stone.jpg",600,460,false],"author_info":[],"comment_info":"","_links":{"self":[{"href":"https:\/\/bayaggregates.com\/es\/wp-json\/wp\/v2\/product\/518","targetHints":{"allow":["GET"]}}],"collection":[{"href":"https:\/\/bayaggregates.com\/es\/wp-json\/wp\/v2\/product"}],"about":[{"href":"https:\/\/bayaggregates.com\/es\/wp-json\/wp\/v2\/types\/product"}],"wp:featuredmedia":[{"embeddable":true,"href":"https:\/\/bayaggregates.com\/es\/wp-json\/wp\/v2\/media\/408"}],"wp:attachment":[{"href":"https:\/\/bayaggregates.com\/es\/wp-json\/wp\/v2\/media?parent=518"}],"wp:term":[{"taxonomy":"product_brand","embeddable":true,"href":"https:\/\/bayaggregates.com\/es\/wp-json\/wp\/v2\/product_brand?post=518"},{"taxonomy":"product_cat","embeddable":true,"href":"https:\/\/bayaggregates.com\/es\/wp-json\/wp\/v2\/product_cat?post=518"},{"taxonomy":"product_tag","embeddable":true,"href":"https:\/\/bayaggregates.com\/es\/wp-json\/wp\/v2\/product_tag?post=518"}],"curies":[{"name":"wp","href":"https:\/\/api.w.org\/{rel}","templated":true}]}}