{"id":516,"date":"2023-01-08T10:38:44","date_gmt":"2023-01-08T15:38:44","guid":{"rendered":"https:\/\/bayaggregates.com\/product\/bloques-de-hormigon\/"},"modified":"2024-02-21T06:32:22","modified_gmt":"2024-02-21T11:32:22","slug":"bloques-de-hormigon","status":"publish","type":"product","link":"https:\/\/bayaggregates.com\/es\/producto\/bloques-de-hormigon\/","title":{"rendered":"Bloques de hormig\u00f3n"},"content":{"rendered":"<p>Los bloques de hormig\u00f3n son una opci\u00f3n robusta y asequible para la construcci\u00f3n. Conocidos por su resistencia y versatilidad, los bloques de hormig\u00f3n suelen elegirse para construir muros, cimientos y barreras. Sus propiedades de aislamiento t\u00e9rmico y ac\u00fastico aumentan su atractivo. Adem\u00e1s, los bloques de hormig\u00f3n ofrecen una facilidad de instalaci\u00f3n que los hace ideales para proyectos de construcci\u00f3n tanto profesionales como de bricolaje.<\/p>\n<p>Vendemos una gran variedad de tama\u00f1os y tipos de bloques de hormig\u00f3n:<\/p>\n<ul>\n<li>4&#215;16 S\u00f3lido<\/li>\n<li>4&#215;16 Hueco<\/li>\n<li>6&#215;16 Hueco<\/li>\n<li>8&#215;16 Hueco<\/li>\n<li>12&#215;16 Hueco<\/li>\n<\/ul>\n","protected":false},"excerpt":{"rendered":"<ul>\n<li style=\"font-weight: 400;\" aria-level=\"1\"><span style=\"font-weight: 400;\">Com\u00fanmente utilizado en la industria de la construcci\u00f3n como material de construcci\u00f3n estructural<\/span><\/li>\n<li style=\"font-weight: 400;\" aria-level=\"1\"><span style=\"font-weight: 400;\">Material de construcci\u00f3n vers\u00e1til en mamposter\u00eda de hormig\u00f3n<\/span><\/li>\n<li style=\"font-weight: 400;\" aria-level=\"1\"><span style=\"font-weight: 400;\">Fabricado con una determinada carga de dise\u00f1o<\/span><\/li>\n<li style=\"font-weight: 400;\" aria-level=\"1\"><span style=\"font-weight: 400;\">Utilizado en sistemas de cimentaci\u00f3n<\/span><\/li>\n<li style=\"font-weight: 400;\" aria-level=\"1\"><span style=\"font-weight: 400;\">Construcci\u00f3n de muros de jard\u00edn, muros de contenci\u00f3n<\/span><\/li>\n<li style=\"font-weight: 400;\" aria-level=\"1\"><span style=\"font-weight: 400;\">Proyectos de construcci\u00f3n de edificios  <\/span><\/li>\n<\/ul>\n","protected":false},"featured_media":412,"template":"","meta":{"_acf_changed":false,"_kad_blocks_custom_css":"","_kad_blocks_head_custom_js":"","_kad_blocks_body_custom_js":"","_kad_blocks_footer_custom_js":"","_kad_post_transparent":"","_kad_post_title":"","_kad_post_layout":"","_kad_post_sidebar_id":"","_kad_post_content_style":"","_kad_post_vertical_padding":"","_kad_post_feature":"","_kad_post_feature_position":"","_kad_post_header":false,"_kad_post_footer":false,"_kad_post_classname":""},"product_brand":[],"product_cat":[44],"product_tag":[],"class_list":{"0":"post-516","1":"product","2":"type-product","3":"status-publish","4":"has-post-thumbnail","6":"product_cat-suministros-para-albaniles","8":"first","9":"instock","10":"shipping-taxable","11":"product-type-simple","12":"entry","13":"content-bg","14":"loop-entry"},"acf":[],"taxonomy_info":{"product_cat":[{"value":44,"label":"Suministros para alba\u00f1iles"}]},"featured_image_src_large":["https:\/\/bayaggregates.com\/wp-content\/uploads\/2023\/01\/cinderblock-1024x683.jpg",1024,683,true],"author_info":[],"comment_info":"","_links":{"self":[{"href":"https:\/\/bayaggregates.com\/es\/wp-json\/wp\/v2\/product\/516","targetHints":{"allow":["GET"]}}],"collection":[{"href":"https:\/\/bayaggregates.com\/es\/wp-json\/wp\/v2\/product"}],"about":[{"href":"https:\/\/bayaggregates.com\/es\/wp-json\/wp\/v2\/types\/product"}],"wp:featuredmedia":[{"embeddable":true,"href":"https:\/\/bayaggregates.com\/es\/wp-json\/wp\/v2\/media\/412"}],"wp:attachment":[{"href":"https:\/\/bayaggregates.com\/es\/wp-json\/wp\/v2\/media?parent=516"}],"wp:term":[{"taxonomy":"product_brand","embeddable":true,"href":"https:\/\/bayaggregates.com\/es\/wp-json\/wp\/v2\/product_brand?post=516"},{"taxonomy":"product_cat","embeddable":true,"href":"https:\/\/bayaggregates.com\/es\/wp-json\/wp\/v2\/product_cat?post=516"},{"taxonomy":"product_tag","embeddable":true,"href":"https:\/\/bayaggregates.com\/es\/wp-json\/wp\/v2\/product_tag?post=516"}],"curies":[{"name":"wp","href":"https:\/\/api.w.org\/{rel}","templated":true}]}}