{"id":1168,"date":"2024-03-18T07:10:09","date_gmt":"2024-03-18T11:10:09","guid":{"rendered":"https:\/\/bayaggregates.com\/acerca-de\/"},"modified":"2024-03-18T08:16:56","modified_gmt":"2024-03-18T12:16:56","slug":"acerca-de","status":"publish","type":"page","link":"https:\/\/bayaggregates.com\/es\/acerca-de\/","title":{"rendered":"Acerca de"},"content":{"rendered":"<style>.kb-row-layout-id1161_5d36a8-c3 > .kt-row-column-wrap{align-content:start;}:where(.kb-row-layout-id1161_5d36a8-c3 > .kt-row-column-wrap) > .wp-block-kadence-column{justify-content:start;}.kb-row-layout-id1161_5d36a8-c3 > .kt-row-column-wrap{column-gap:var(--global-kb-gap-md, 2rem);row-gap:var(--global-kb-gap-md, 2rem);max-width:var( --global-content-width, 1290px );padding-left:var(--global-content-edge-padding);padding-right:var(--global-content-edge-padding);padding-top:var(--global-kb-spacing-3xl, 6.5rem);padding-bottom:var(--global-kb-spacing-4xl, 8rem);grid-template-columns:minmax(0, 1fr);}.kb-row-layout-id1161_5d36a8-c3 > .kt-row-layout-overlay{opacity:0.80;background-color:#e46900;}.kb-row-layout-id1161_5d36a8-c3 ,.kb-row-layout-id1161_5d36a8-c3 h1,.kb-row-layout-id1161_5d36a8-c3 h2,.kb-row-layout-id1161_5d36a8-c3 h3,.kb-row-layout-id1161_5d36a8-c3 h4,.kb-row-layout-id1161_5d36a8-c3 h5,.kb-row-layout-id1161_5d36a8-c3 h6{color:var(--global-palette3, #1A202C);}.kb-row-layout-id1161_5d36a8-c3 a{color:var(--global-palette4, #2D3748);}.kb-row-layout-id1161_5d36a8-c3 a:hover{color:var(--global-palette5, #4A5568);}@media all and (max-width: 1024px){.kb-row-layout-id1161_5d36a8-c3 > .kt-row-column-wrap{grid-template-columns:minmax(0, 1fr);}}@media all and (max-width: 767px){.kb-row-layout-id1161_5d36a8-c3 > .kt-row-column-wrap{padding-top:var(--global-kb-spacing-lg, 3rem);padding-bottom:var(--global-kb-spacing-lg, 3rem);grid-template-columns:minmax(0, 1fr);}}<\/style><div class=\"kb-row-layout-wrap kb-row-layout-id1161_5d36a8-c3 alignfull has-kb-palette-32-background-color kt-row-has-bg wp-block-kadence-rowlayout\"><div class=\"kt-row-layout-overlay kt-row-overlay-normal\"><\/div><div class=\"kt-row-column-wrap kt-has-1-columns kt-row-layout-equal kt-tab-layout-inherit kt-mobile-layout-row kt-row-valign-top kb-theme-content-width\">\n<style>.kadence-column1161_bcc7ac-12 > .kt-inside-inner-col,.kadence-column1161_bcc7ac-12 > .kt-inside-inner-col:before{border-top-left-radius:0px;border-top-right-radius:0px;border-bottom-right-radius:0px;border-bottom-left-radius:0px;}.kadence-column1161_bcc7ac-12 > .kt-inside-inner-col{column-gap:var(--global-kb-gap-sm, 1rem);}.kadence-column1161_bcc7ac-12 > .kt-inside-inner-col{flex-direction:column;}.kadence-column1161_bcc7ac-12 > .kt-inside-inner-col > .aligncenter{width:100%;}.kadence-column1161_bcc7ac-12 > .kt-inside-inner-col:before{opacity:0.3;}.kadence-column1161_bcc7ac-12{position:relative;}@media all and (max-width: 1024px){.kadence-column1161_bcc7ac-12 > .kt-inside-inner-col{flex-direction:column;justify-content:center;}}@media all and (max-width: 767px){.kadence-column1161_bcc7ac-12 > .kt-inside-inner-col{flex-direction:column;justify-content:center;}}<\/style>\n<div class=\"wp-block-kadence-column kadence-column1161_bcc7ac-12\"><div class=\"kt-inside-inner-col\"><style>.kb-row-layout-id1161_78b53e-eb > .kt-row-column-wrap{align-content:start;}:where(.kb-row-layout-id1161_78b53e-eb > .kt-row-column-wrap) > .wp-block-kadence-column{justify-content:start;}.kb-row-layout-id1161_78b53e-eb > .kt-row-column-wrap{column-gap:var(--global-kb-gap-md, 2rem);row-gap:var(--global-kb-gap-md, 2rem);padding-top:0px;padding-right:0px;padding-bottom:0px;padding-left:0px;grid-template-columns:minmax(0, 1fr);}.kb-row-layout-id1161_78b53e-eb > .kt-row-layout-overlay{opacity:0.30;}@media all and (max-width: 1024px){.kb-row-layout-id1161_78b53e-eb > .kt-row-column-wrap{padding-right:var(--global-kb-spacing-4xl, 8rem);padding-left:var(--global-kb-spacing-4xl, 8rem);grid-template-columns:minmax(0, 1fr);}}@media all and (max-width: 767px){.kb-row-layout-id1161_78b53e-eb > .kt-row-column-wrap{padding-right:0px;padding-left:0px;grid-template-columns:minmax(0, 1fr);}}<\/style><div class=\"kb-row-layout-wrap kb-row-layout-id1161_78b53e-eb alignnone wp-block-kadence-rowlayout\"><div class=\"kt-row-column-wrap kt-has-1-columns kt-row-layout-equal kt-tab-layout-inherit kt-mobile-layout-row kt-row-valign-top\">\n<style>.kadence-column1161_e80ca7-ba > .kt-inside-inner-col,.kadence-column1161_e80ca7-ba > .kt-inside-inner-col:before{border-top-left-radius:0px;border-top-right-radius:0px;border-bottom-right-radius:0px;border-bottom-left-radius:0px;}.kadence-column1161_e80ca7-ba > .kt-inside-inner-col{column-gap:var(--global-kb-gap-sm, 1rem);}.kadence-column1161_e80ca7-ba > .kt-inside-inner-col{flex-direction:column;}.kadence-column1161_e80ca7-ba > .kt-inside-inner-col > .aligncenter{width:100%;}.kadence-column1161_e80ca7-ba > .kt-inside-inner-col:before{opacity:0.3;}.kadence-column1161_e80ca7-ba{position:relative;}@media all and (max-width: 1024px){.kadence-column1161_e80ca7-ba > .kt-inside-inner-col{flex-direction:column;justify-content:center;}}@media all and (max-width: 767px){.kadence-column1161_e80ca7-ba{text-align:left;}.kadence-column1161_e80ca7-ba > .kt-inside-inner-col{flex-direction:column;justify-content:center;}}<\/style>\n<div class=\"wp-block-kadence-column kadence-column1161_e80ca7-ba\"><div class=\"kt-inside-inner-col\"><style>.wp-block-kadence-advancedheading.kt-adv-heading1161_cc3b47-f8, .wp-block-kadence-advancedheading.kt-adv-heading1161_cc3b47-f8[data-kb-block=\"kb-adv-heading1161_cc3b47-f8\"]{margin-top:0px;text-align:left;font-size:var(--global-kb-font-size-xxl, 4rem);line-height:1.2;font-style:normal;}.wp-block-kadence-advancedheading.kt-adv-heading1161_cc3b47-f8 mark.kt-highlight, .wp-block-kadence-advancedheading.kt-adv-heading1161_cc3b47-f8[data-kb-block=\"kb-adv-heading1161_cc3b47-f8\"] mark.kt-highlight{font-style:normal;color:#f76a0c;-webkit-box-decoration-break:clone;box-decoration-break:clone;padding-top:0px;padding-right:0px;padding-bottom:0px;padding-left:0px;}.wp-block-kadence-advancedheading.kt-adv-heading1161_cc3b47-f8 img.kb-inline-image, .wp-block-kadence-advancedheading.kt-adv-heading1161_cc3b47-f8[data-kb-block=\"kb-adv-heading1161_cc3b47-f8\"] img.kb-inline-image{width:150px;vertical-align:baseline;}@media all and (max-width: 1024px){.wp-block-kadence-advancedheading.kt-adv-heading1161_cc3b47-f8, .wp-block-kadence-advancedheading.kt-adv-heading1161_cc3b47-f8[data-kb-block=\"kb-adv-heading1161_cc3b47-f8\"]{text-align:center!important;}}@media all and (max-width: 767px){.wp-block-kadence-advancedheading.kt-adv-heading1161_cc3b47-f8, .wp-block-kadence-advancedheading.kt-adv-heading1161_cc3b47-f8[data-kb-block=\"kb-adv-heading1161_cc3b47-f8\"]{font-size:var(--global-kb-font-size-lg, 2rem);text-align:left!important;}}<\/style>\n<h1 class=\"kt-adv-heading1161_cc3b47-f8 wp-block-kadence-advancedheading has-theme-palette-9-color has-text-color\" data-kb-block=\"kb-adv-heading1161_cc3b47-f8\">Bienvenido a Bay Aggregates<\/h1>\n\n\n<style>.wp-block-kadence-advancedheading.kt-adv-heading1161_08c37b-43, .wp-block-kadence-advancedheading.kt-adv-heading1161_08c37b-43[data-kb-block=\"kb-adv-heading1161_08c37b-43\"]{font-size:var(--global-kb-font-size-lg, 2rem);font-style:normal;}.wp-block-kadence-advancedheading.kt-adv-heading1161_08c37b-43 mark.kt-highlight, .wp-block-kadence-advancedheading.kt-adv-heading1161_08c37b-43[data-kb-block=\"kb-adv-heading1161_08c37b-43\"] mark.kt-highlight{font-style:normal;color:#f76a0c;-webkit-box-decoration-break:clone;box-decoration-break:clone;padding-top:0px;padding-right:0px;padding-bottom:0px;padding-left:0px;}.wp-block-kadence-advancedheading.kt-adv-heading1161_08c37b-43 img.kb-inline-image, .wp-block-kadence-advancedheading.kt-adv-heading1161_08c37b-43[data-kb-block=\"kb-adv-heading1161_08c37b-43\"] img.kb-inline-image{width:150px;vertical-align:baseline;}@media all and (max-width: 767px){.wp-block-kadence-advancedheading.kt-adv-heading1161_08c37b-43, .wp-block-kadence-advancedheading.kt-adv-heading1161_08c37b-43[data-kb-block=\"kb-adv-heading1161_08c37b-43\"]{font-size:var(--global-kb-font-size-md, 1.25rem);text-align:left!important;}}<\/style>\n<h2 class=\"kt-adv-heading1161_08c37b-43 wp-block-kadence-advancedheading has-theme-palette-9-color has-text-color\" data-kb-block=\"kb-adv-heading1161_08c37b-43\">Su empresa familiar de confianza para todas sus necesidades de suministros de construcci\u00f3n desde 1985.<\/h2>\n<\/div><\/div>\n\n<\/div><\/div><\/div><\/div>\n\n<\/div><\/div><style>.kb-row-layout-id1161_c6e7cf-c5 > .kt-row-column-wrap{align-content:start;}:where(.kb-row-layout-id1161_c6e7cf-c5 > .kt-row-column-wrap) > .wp-block-kadence-column{justify-content:start;}.kb-row-layout-id1161_c6e7cf-c5 > .kt-row-column-wrap{column-gap:var(--global-kb-gap-md, 2rem);row-gap:var(--global-kb-gap-md, 2rem);padding-top:var(--global-kb-spacing-xxl, 5rem);padding-bottom:var(--global-kb-spacing-xxl, 5rem);grid-template-columns:minmax(0, calc(45% - ((var(--global-kb-gap-md, 2rem) * 1 )\/2)))minmax(0, calc(55% - ((var(--global-kb-gap-md, 2rem) * 1 )\/2)));}.kb-row-layout-id1161_c6e7cf-c5 > .kt-row-layout-overlay{opacity:0.30;}@media all and (max-width: 1024px){.kb-row-layout-id1161_c6e7cf-c5 > .kt-row-column-wrap{grid-template-columns:repeat(2, minmax(0, 1fr));}}@media all and (max-width: 767px){.kb-row-layout-id1161_c6e7cf-c5 > .kt-row-column-wrap{padding-top:var(--global-kb-spacing-lg, 3rem);padding-bottom:var(--global-kb-spacing-lg, 3rem);grid-template-columns:minmax(0, 1fr);}}<\/style><div class=\"kb-row-layout-wrap kb-row-layout-id1161_c6e7cf-c5 alignnone wp-block-kadence-rowlayout\"><div class=\"kt-row-column-wrap kt-has-2-columns kt-row-layout-equal kt-tab-layout-inherit kt-mobile-layout-row kt-row-valign-top\">\n<style>.kadence-column1161_c00aa4-d4 > .kt-inside-inner-col,.kadence-column1161_c00aa4-d4 > .kt-inside-inner-col:before{border-top-left-radius:0px;border-top-right-radius:0px;border-bottom-right-radius:0px;border-bottom-left-radius:0px;}.kadence-column1161_c00aa4-d4 > .kt-inside-inner-col{column-gap:var(--global-kb-gap-sm, 1rem);}.kadence-column1161_c00aa4-d4 > .kt-inside-inner-col{flex-direction:column;}.kadence-column1161_c00aa4-d4 > .kt-inside-inner-col > .aligncenter{width:100%;}.kadence-column1161_c00aa4-d4 > .kt-inside-inner-col:before{opacity:0.3;}.kadence-column1161_c00aa4-d4{position:relative;}@media all and (max-width: 1024px){.kadence-column1161_c00aa4-d4 > .kt-inside-inner-col{flex-direction:column;justify-content:center;}}@media all and (max-width: 767px){.kadence-column1161_c00aa4-d4 > .kt-inside-inner-col{flex-direction:column;justify-content:center;}}<\/style>\n<div class=\"wp-block-kadence-column kadence-column1161_c00aa4-d4\"><div class=\"kt-inside-inner-col\">\n<p>Fundada como empresa familiar hace m\u00e1s de tres d\u00e9cadas, Bay Aggregates ha servido a la comunidad con dedicaci\u00f3n y experiencia. Lo que nos diferencia no es s\u00f3lo nuestro amplio inventario de materiales de construcci\u00f3n de primera calidad, sino tambi\u00e9n nuestro compromiso, y la entrega en el mismo d\u00eda.<\/p>\n\n\n\n<p>Como empresa familiar, comprendemos la importancia de establecer relaciones s\u00f3lidas con nuestros clientes. Tanto si es un contratista experimentado, un entusiasta del bricolaje o un propietario que se embarca en un proyecto de renovaci\u00f3n, puede confiar en nosotros para que le proporcionemos la orientaci\u00f3n y el apoyo que necesita en cada paso del camino.<\/p>\n\n\n\n<p>Nuestro equipo de expertos cuenta con a\u00f1os de experiencia en el sector de los suministros para la construcci\u00f3n. Desde ayudarle a seleccionar los materiales adecuados para su proyecto hasta ofrecerle consejos pr\u00e1cticos y soluciones, estamos aqu\u00ed para garantizar que su proyecto sea un \u00e9xito.<\/p>\n\n\n\n<p>En Bay Aggregates, nos enorgullecemos de nuestra tienda de suministros de construcci\u00f3n, incluyendo, hardware, herramientas, fontaner\u00eda, drenaje, y mucho m\u00e1s. Nos abastecemos cuidadosamente de fabricantes de confianza para garantizar la calidad y la fiabilidad de nuestros productos.<\/p>\n\n\n\n<p>Lo que realmente nos hace especiales es nuestro compromiso inquebrantable con la satisfacci\u00f3n del cliente. Nos esforzamos al m\u00e1ximo para satisfacer las necesidades de nuestros clientes, ya sea buscando un art\u00edculo dif\u00edcil de encontrar o proporcionando servicios de entrega puntual en su lugar de trabajo.<\/p>\n\n\n\n<p>Con Bay Aggregates, usted no es un cliente m\u00e1s, es parte de la familia. Experimente la diferencia de trabajar con un equipo que se preocupa por su proyecto tanto como usted. Vis\u00edtenos hoy mismo y perm\u00edtanos ayudarle a hacer realidad su visi\u00f3n.<\/p>\n\n\n\n<p>Ll\u00e1menos hoy mismo al <a href=\"https:\/\/www.google.com\/search?q=bay+aggregates&amp;rlz=1C1CHBD_enUS958US958&amp;oq=bay+aggregate&amp;gs_lcrp=EgZjaHJvbWUqDAgAECMYJxiABBiKBTIMCAAQIxgnGIAEGIoFMhUIARAuGBQYrwEYxwEYhwIYgAQYjgUyBggCEEUYOTIGCAMQRRhAMg0IBBAuGK8BGMcBGIAEMgYIBRBFGDwyBggGEEUYPTIGCAcQRRg8qAIAsAIA&amp;sourceid=chrome&amp;ie=UTF-8#\" target=\"_blank\" rel=\"noreferrer noopener\">(516) 883-3322<\/a><\/p>\n<\/div><\/div>\n\n\n<style>.kadence-column1161_2eaa06-c6 > .kt-inside-inner-col,.kadence-column1161_2eaa06-c6 > .kt-inside-inner-col:before{border-top-left-radius:0px;border-top-right-radius:0px;border-bottom-right-radius:0px;border-bottom-left-radius:0px;}.kadence-column1161_2eaa06-c6 > .kt-inside-inner-col{column-gap:var(--global-kb-gap-sm, 1rem);}.kadence-column1161_2eaa06-c6 > .kt-inside-inner-col{flex-direction:column;}.kadence-column1161_2eaa06-c6 > .kt-inside-inner-col > .aligncenter{width:100%;}.kadence-column1161_2eaa06-c6 > .kt-inside-inner-col:before{opacity:0.3;}.kadence-column1161_2eaa06-c6{position:relative;}@media all and (max-width: 1024px){.kadence-column1161_2eaa06-c6 > .kt-inside-inner-col{flex-direction:column;justify-content:center;}}@media all and (max-width: 767px){.kadence-column1161_2eaa06-c6 > .kt-inside-inner-col{flex-direction:column;justify-content:center;}}<\/style>\n<div class=\"wp-block-kadence-column kadence-column1161_2eaa06-c6\"><div class=\"kt-inside-inner-col\"><style>.wp-block-kadence-advancedgallery .kb-gallery-type-masonry.kb-gallery-id-1161_43bbd2-fe{margin:-5px;}.kb-gallery-type-masonry.kb-gallery-id-1161_43bbd2-fe .kadence-blocks-gallery-item{padding:5px;}.kb-gallery-id-1161_43bbd2-fe .kadence-blocks-gallery-item .kb-gal-image-radius, .kb-gallery-id-1161_43bbd2-fe .kb-slide-item .kb-gal-image-radius img{border-radius:0px 0px 0px 0px;;}<\/style><div class=\"kb-gallery-wrap-id-1161_43bbd2-fe alignnone wp-block-kadence-advancedgallery\"><ul class=\"kb-gallery-ul kb-gallery-non-static kb-gallery-type-masonry kb-masonry-init kb-gallery-id-1161_43bbd2-fe kb-gallery-caption-style-bottom-hover kb-gallery-filter-none kb-gallery-magnific-init\" data-image-filter=\"none\" data-item-selector=\".kadence-blocks-gallery-item\" data-lightbox-caption=\"true\" data-columns-xxl=\"1\" data-columns-xl=\"1\" data-columns-md=\"1\" data-columns-sm=\"1\" data-columns-xs=\"1\" data-columns-ss=\"1\"><li class=\"kadence-blocks-gallery-item\"><div class=\"kadence-blocks-gallery-item-inner\"><figure class=\"kb-gallery-figure kb-gallery-item-has-link kadence-blocks-gallery-item-hide-caption\"><a href=\"https:\/\/bayaggregates.com\/wp-content\/uploads\/2022\/12\/ourfleet-b.jpg\" class=\"kb-gallery-item-link\"   role=\"button\" aria-haspopup=\"dialog\"><div class=\"kb-gal-image-radius\" style=\"max-width:512px;\"><div class=\"kb-gallery-image-contain kadence-blocks-gallery-intrinsic\" style=\"padding-bottom:53%;\"><img loading=\"lazy\" decoding=\"async\" src=\"https:\/\/bayaggregates.com\/wp-content\/uploads\/2022\/12\/ourfleet-b.jpg\" width=\"512\" height=\"275\" alt=\"\" data-full-image=\"https:\/\/bayaggregates.com\/wp-content\/uploads\/2022\/12\/ourfleet-b.jpg\" data-light-image=\"https:\/\/bayaggregates.com\/wp-content\/uploads\/2022\/12\/ourfleet-b.jpg\" data-id=\"850\" class=\"wp-image-850\" srcset=\"https:\/\/bayaggregates.com\/wp-content\/uploads\/2022\/12\/ourfleet-b.jpg 512w, https:\/\/bayaggregates.com\/wp-content\/uploads\/2022\/12\/ourfleet-b-300x161.jpg 300w\" sizes=\"auto, (max-width: 512px) 100vw, 512px\" \/><\/div><\/div><\/a><\/figure><\/div><\/li><li class=\"kadence-blocks-gallery-item\"><div class=\"kadence-blocks-gallery-item-inner\"><figure class=\"kb-gallery-figure kb-gallery-item-has-link kadence-blocks-gallery-item-hide-caption\"><a href=\"https:\/\/bayaggregates.com\/wp-content\/uploads\/2022\/12\/ourfleet-c.jpg\" class=\"kb-gallery-item-link\"   role=\"button\" aria-haspopup=\"dialog\"><div class=\"kb-gal-image-radius\" style=\"max-width:512px;\"><div class=\"kb-gallery-image-contain kadence-blocks-gallery-intrinsic\" style=\"padding-bottom:75%;\"><img loading=\"lazy\" decoding=\"async\" src=\"https:\/\/bayaggregates.com\/wp-content\/uploads\/2022\/12\/ourfleet-c.jpg\" width=\"512\" height=\"384\" alt=\"\" data-full-image=\"https:\/\/bayaggregates.com\/wp-content\/uploads\/2022\/12\/ourfleet-c.jpg\" data-light-image=\"https:\/\/bayaggregates.com\/wp-content\/uploads\/2022\/12\/ourfleet-c.jpg\" data-id=\"846\" class=\"wp-image-846\" srcset=\"https:\/\/bayaggregates.com\/wp-content\/uploads\/2022\/12\/ourfleet-c.jpg 512w, https:\/\/bayaggregates.com\/wp-content\/uploads\/2022\/12\/ourfleet-c-300x225.jpg 300w\" sizes=\"auto, (max-width: 512px) 100vw, 512px\" \/><\/div><\/div><\/a><\/figure><\/div><\/li><\/ul><\/div><\/div><\/div>\n\n<\/div><\/div>","protected":false},"excerpt":{"rendered":"<p>Bienvenido a Bay Aggregates Su empresa familiar de confianza para todas sus necesidades de suministros de construcci\u00f3n desde 1985. Fundada como empresa familiar hace m\u00e1s de tres d\u00e9cadas, Bay Aggregates ha servido a la comunidad con dedicaci\u00f3n y experiencia. Lo que nos diferencia no es s\u00f3lo nuestro amplio inventario de materiales de construcci\u00f3n de primera&#8230;<\/p>\n","protected":false},"author":3,"featured_media":883,"parent":0,"menu_order":0,"comment_status":"closed","ping_status":"closed","template":"","meta":{"_acf_changed":false,"_kad_blocks_custom_css":"","_kad_blocks_head_custom_js":"","_kad_blocks_body_custom_js":"","_kad_blocks_footer_custom_js":"","_kad_post_transparent":"","_kad_post_title":"","_kad_post_layout":"","_kad_post_sidebar_id":"","_kad_post_content_style":"","_kad_post_vertical_padding":"","_kad_post_feature":"","_kad_post_feature_position":"","_kad_post_header":false,"_kad_post_footer":false,"_kad_post_classname":"","footnotes":""},"class_list":["post-1168","page","type-page","status-publish","has-post-thumbnail","hentry"],"acf":[],"taxonomy_info":[],"featured_image_src_large":["https:\/\/bayaggregates.com\/wp-content\/uploads\/2024\/02\/bay-agg-social-logo-1024x538.png",1024,538,true],"author_info":{"display_name":"codesupport","author_link":"https:\/\/bayaggregates.com\/es\/author\/codesupport\/"},"comment_info":0,"_links":{"self":[{"href":"https:\/\/bayaggregates.com\/es\/wp-json\/wp\/v2\/pages\/1168","targetHints":{"allow":["GET"]}}],"collection":[{"href":"https:\/\/bayaggregates.com\/es\/wp-json\/wp\/v2\/pages"}],"about":[{"href":"https:\/\/bayaggregates.com\/es\/wp-json\/wp\/v2\/types\/page"}],"author":[{"embeddable":true,"href":"https:\/\/bayaggregates.com\/es\/wp-json\/wp\/v2\/users\/3"}],"replies":[{"embeddable":true,"href":"https:\/\/bayaggregates.com\/es\/wp-json\/wp\/v2\/comments?post=1168"}],"version-history":[{"count":2,"href":"https:\/\/bayaggregates.com\/es\/wp-json\/wp\/v2\/pages\/1168\/revisions"}],"predecessor-version":[{"id":1174,"href":"https:\/\/bayaggregates.com\/es\/wp-json\/wp\/v2\/pages\/1168\/revisions\/1174"}],"wp:featuredmedia":[{"embeddable":true,"href":"https:\/\/bayaggregates.com\/es\/wp-json\/wp\/v2\/media\/883"}],"wp:attachment":[{"href":"https:\/\/bayaggregates.com\/es\/wp-json\/wp\/v2\/media?parent=1168"}],"curies":[{"name":"wp","href":"https:\/\/api.w.org\/{rel}","templated":true}]}}